{"id":812,"date":"2024-01-27T13:32:17","date_gmt":"2024-01-27T13:32:17","guid":{"rendered":"https:\/\/advantageav.com\/?page_id=812"},"modified":"2024-02-09T20:09:33","modified_gmt":"2024-02-09T20:09:33","slug":"about-us-2","status":"publish","type":"page","link":"https:\/\/advantageav.com\/?page_id=812","title":{"rendered":"\u00c0 PROPOS"},"content":{"rendered":"\n<h4 class=\"wp-block-heading\"><strong>Qui sommes-nous?<\/strong><\/h4>\n\n\n\n<p>Advantage Audio Visual Rentals, fond\u00e9e par Jeff Waito en 1994, est une compagnie qui s&#8217;est d\u00e9velopp\u00e9e au cours des 30 derni\u00e8res ann\u00e9es pour devenir une entreprise de renomm\u00e9e dans la r\u00e9gion d&#8217;Ottawa, tout en \u00e9tendant ses envergures \u00e0 des \u00e9v\u00e9nements internationaux. Apr\u00e8s avoir commenc\u00e9 modestement, avec Jeff comme seul employ\u00e9 et une seule vanette, Advantage a \u00e9volu\u00e9 pour devenir un fournisseur de solutions audiovisuelles compl\u00e8tes, obtenant m\u00eame des contrats avec le Gouvernement du Canada.<\/p>\n\n\n\n<p>L&#8217;engagement de Jeff en faveur de l&#8217;excellence se manifeste non seulement dans la diversit\u00e9 de la client\u00e8le de l&#8217;entreprise, mais aussi dans l&#8217;\u00e9quipe tr\u00e8s soud\u00e9e qu&#8217;il consid\u00e8re comme sa famille. Son fils \u00e9tant un collaborateur cl\u00e9 et plusieurs employ\u00e9s ayant fait partie du voyage depuis les premiers jours, Jeff donne la priorit\u00e9 au bien-\u00eatre et \u00e0 l&#8217;expertise de son personnel, reconnaissant qu&#8217;ils sont les piliers fondamentaux de la r\u00e9ussite d&#8217;Advantage Audio Visual Rentals.<\/p>\n\n\n\n<p>En tant qu&#8217;entreprise familiale, Advantage AV combine l&#8217;exp\u00e9rience, le d\u00e9vouement et une touche personnelle afin d&#8217;offrir des services de qualit\u00e9 sup\u00e9rieure aux clients locaux et internationaux. La vision de Jeff et son engagement \u00e0 construire des relations durables vont au-del\u00e0 des transactions commerciales, cr\u00e9ant un environnement o\u00f9 les membres du personnel ne sont pas de simples employ\u00e9s mais des membres int\u00e9graux de la famille Advantage.<\/p>\n\n\n\n<figure class=\"wp-block-image alignwide size-large\"><img loading=\"lazy\" decoding=\"async\" width=\"1024\" height=\"5\" src=\"http:\/\/advantageav.ca\/wp-content\/uploads\/2023\/12\/Bar-MK-II-1024x5.jpg\" alt=\"\" class=\"wp-image-316\" srcset=\"https:\/\/advantageav.com\/wp-content\/uploads\/2023\/12\/Bar-MK-II-1024x5.jpg 1024w, https:\/\/advantageav.com\/wp-content\/uploads\/2023\/12\/Bar-MK-II-300x2.jpg 300w, https:\/\/advantageav.com\/wp-content\/uploads\/2023\/12\/Bar-MK-II.jpg 1312w\" sizes=\"auto, (max-width: 1024px) 100vw, 1024px\" \/><\/figure>\n\n\n\n<h4 class=\"wp-block-heading\"><strong>Qu\u2019offrons-nous?<\/strong><\/h4>\n\n\n\n<p>Advantage AV est un pionnier dans le domaine de la technologie \u00e9v\u00e9nementielle. Notre gamme de services est con\u00e7ue pour r\u00e9pondre \u00e0 toutes vos exigences, garantissant que votre \u00e9v\u00e9nement ne se contente pas de r\u00e9pondre aux attentes, mais les d\u00e9passe, pour un succ\u00e8s hors pair. Veuillez <a href=\"https:\/\/advantageav.com\/?page_id=831\">CLIQUER ICI<\/a> pour en savoir plus ou pour demander un devis.<\/p>\n\n\n\n<p><\/p>\n\n\n\n","protected":false},"excerpt":{"rendered":"<p>Qui sommes-nous? Advantage Audio Visual Rentals, fond\u00e9e par Jeff Waito en 1994, est une compagnie qui s&#8217;est d\u00e9velopp\u00e9e au cours des 30 derni\u00e8res ann\u00e9es pour devenir une entreprise de renomm\u00e9e dans la r\u00e9gion d&#8217;Ottawa, tout en \u00e9tendant ses envergures \u00e0 des \u00e9v\u00e9nements internationaux. Apr\u00e8s avoir commenc\u00e9 modestement, avec Jeff comme seul employ\u00e9 et une seule &hellip; <\/p>\n<p class=\"link-more\"><a href=\"https:\/\/advantageav.com\/?page_id=812\" class=\"more-link\">Read more<span class=\"screen-reader-text\"> &#8220;\u00c0 PROPOS&#8221;<\/span><\/a><\/p>\n","protected":false},"author":1,"featured_media":0,"parent":0,"menu_order":0,"comment_status":"closed","ping_status":"closed","template":"","meta":{"footnotes":""},"class_list":["post-812","page","type-page","status-publish","hentry"],"yoast_head":"<!-- This site is optimized with the Yoast SEO plugin v27.2 - https:\/\/yoast.com\/product\/yoast-seo-wordpress\/ -->\n<title>\u00c0 PROPOS - advantageav.com<\/title>\n<meta name=\"description\" content=\"D\u00e9couvrez Advantage AV, une entreprise familiale cr\u00e9\u00e9e il y a 30 ans. Nous offrons des services audiovisuels complets adapt\u00e9s \u00e0 vos besoins.\" \/>\n<meta name=\"robots\" content=\"index, follow, max-snippet:-1, max-image-preview:large, max-video-preview:-1\" \/>\n<link rel=\"canonical\" href=\"https:\/\/advantageav.com\/?page_id=812\" \/>\n<meta property=\"og:locale\" content=\"en_US\" \/>\n<meta property=\"og:type\" content=\"article\" \/>\n<meta property=\"og:title\" content=\"\u00c0 PROPOS - advantageav.com\" \/>\n<meta property=\"og:description\" content=\"D\u00e9couvrez Advantage AV, une entreprise familiale cr\u00e9\u00e9e il y a 30 ans. Nous offrons des services audiovisuels complets adapt\u00e9s \u00e0 vos besoins.\" \/>\n<meta property=\"og:url\" content=\"https:\/\/advantageav.com\/?page_id=812\" \/>\n<meta property=\"og:site_name\" content=\"advantageav.com\" \/>\n<meta property=\"article:modified_time\" content=\"2024-02-09T20:09:33+00:00\" \/>\n<meta property=\"og:image\" content=\"http:\/\/advantageav.ca\/wp-content\/uploads\/2023\/12\/Bar-MK-II-1024x5.jpg\" \/>\n<meta name=\"twitter:card\" content=\"summary_large_image\" \/>\n<meta name=\"twitter:label1\" content=\"Est. reading time\" \/>\n\t<meta name=\"twitter:data1\" content=\"2 minutes\" \/>\n<script type=\"application\/ld+json\" class=\"yoast-schema-graph\">{\"@context\":\"https:\/\/schema.org\",\"@graph\":[{\"@type\":\"WebPage\",\"@id\":\"https:\/\/advantageav.com\/?page_id=812\",\"url\":\"https:\/\/advantageav.com\/?page_id=812\",\"name\":\"\u00c0 PROPOS - advantageav.com\",\"isPartOf\":{\"@id\":\"https:\/\/advantageav.com\/#website\"},\"primaryImageOfPage\":{\"@id\":\"https:\/\/advantageav.com\/?page_id=812#primaryimage\"},\"image\":{\"@id\":\"https:\/\/advantageav.com\/?page_id=812#primaryimage\"},\"thumbnailUrl\":\"http:\/\/advantageav.ca\/wp-content\/uploads\/2023\/12\/Bar-MK-II-1024x5.jpg\",\"datePublished\":\"2024-01-27T13:32:17+00:00\",\"dateModified\":\"2024-02-09T20:09:33+00:00\",\"description\":\"D\u00e9couvrez Advantage AV, une entreprise familiale cr\u00e9\u00e9e il y a 30 ans. Nous offrons des services audiovisuels complets adapt\u00e9s \u00e0 vos besoins.\",\"breadcrumb\":{\"@id\":\"https:\/\/advantageav.com\/?page_id=812#breadcrumb\"},\"inLanguage\":\"en\",\"potentialAction\":[{\"@type\":\"ReadAction\",\"target\":[\"https:\/\/advantageav.com\/?page_id=812\"]}]},{\"@type\":\"ImageObject\",\"inLanguage\":\"en\",\"@id\":\"https:\/\/advantageav.com\/?page_id=812#primaryimage\",\"url\":\"http:\/\/advantageav.ca\/wp-content\/uploads\/2023\/12\/Bar-MK-II-1024x5.jpg\",\"contentUrl\":\"http:\/\/advantageav.ca\/wp-content\/uploads\/2023\/12\/Bar-MK-II-1024x5.jpg\"},{\"@type\":\"BreadcrumbList\",\"@id\":\"https:\/\/advantageav.com\/?page_id=812#breadcrumb\",\"itemListElement\":[{\"@type\":\"ListItem\",\"position\":1,\"name\":\"Home\",\"item\":\"https:\/\/advantageav.com\/\"},{\"@type\":\"ListItem\",\"position\":2,\"name\":\"\u00c0 PROPOS\"}]},{\"@type\":\"WebSite\",\"@id\":\"https:\/\/advantageav.com\/#website\",\"url\":\"https:\/\/advantageav.com\/\",\"name\":\"advantageav.com\",\"description\":\"advantageav.com\",\"publisher\":{\"@id\":\"https:\/\/advantageav.com\/#organization\"},\"potentialAction\":[{\"@type\":\"SearchAction\",\"target\":{\"@type\":\"EntryPoint\",\"urlTemplate\":\"https:\/\/advantageav.com\/?s={search_term_string}\"},\"query-input\":{\"@type\":\"PropertyValueSpecification\",\"valueRequired\":true,\"valueName\":\"search_term_string\"}}],\"inLanguage\":\"en\"},{\"@type\":\"Organization\",\"@id\":\"https:\/\/advantageav.com\/#organization\",\"name\":\"Advantage Audio Visual Rentals\",\"alternateName\":\"Advantage AV\",\"url\":\"https:\/\/advantageav.com\/\",\"logo\":{\"@type\":\"ImageObject\",\"inLanguage\":\"en\",\"@id\":\"https:\/\/advantageav.com\/#\/schema\/logo\/image\/\",\"url\":\"https:\/\/advantageav.com\/wp-content\/uploads\/2023\/12\/cropped-small-logo-MK-II.png\",\"contentUrl\":\"https:\/\/advantageav.com\/wp-content\/uploads\/2023\/12\/cropped-small-logo-MK-II.png\",\"width\":211,\"height\":60,\"caption\":\"Advantage Audio Visual Rentals\"},\"image\":{\"@id\":\"https:\/\/advantageav.com\/#\/schema\/logo\/image\/\"}}]}<\/script>\n<!-- \/ Yoast SEO plugin. -->","yoast_head_json":{"title":"\u00c0 PROPOS - advantageav.com","description":"D\u00e9couvrez Advantage AV, une entreprise familiale cr\u00e9\u00e9e il y a 30 ans. Nous offrons des services audiovisuels complets adapt\u00e9s \u00e0 vos besoins.","robots":{"index":"index","follow":"follow","max-snippet":"max-snippet:-1","max-image-preview":"max-image-preview:large","max-video-preview":"max-video-preview:-1"},"canonical":"https:\/\/advantageav.com\/?page_id=812","og_locale":"en_US","og_type":"article","og_title":"\u00c0 PROPOS - advantageav.com","og_description":"D\u00e9couvrez Advantage AV, une entreprise familiale cr\u00e9\u00e9e il y a 30 ans. Nous offrons des services audiovisuels complets adapt\u00e9s \u00e0 vos besoins.","og_url":"https:\/\/advantageav.com\/?page_id=812","og_site_name":"advantageav.com","article_modified_time":"2024-02-09T20:09:33+00:00","og_image":[{"url":"http:\/\/advantageav.ca\/wp-content\/uploads\/2023\/12\/Bar-MK-II-1024x5.jpg","type":"","width":"","height":""}],"twitter_card":"summary_large_image","twitter_misc":{"Est. reading time":"2 minutes"},"schema":{"@context":"https:\/\/schema.org","@graph":[{"@type":"WebPage","@id":"https:\/\/advantageav.com\/?page_id=812","url":"https:\/\/advantageav.com\/?page_id=812","name":"\u00c0 PROPOS - advantageav.com","isPartOf":{"@id":"https:\/\/advantageav.com\/#website"},"primaryImageOfPage":{"@id":"https:\/\/advantageav.com\/?page_id=812#primaryimage"},"image":{"@id":"https:\/\/advantageav.com\/?page_id=812#primaryimage"},"thumbnailUrl":"http:\/\/advantageav.ca\/wp-content\/uploads\/2023\/12\/Bar-MK-II-1024x5.jpg","datePublished":"2024-01-27T13:32:17+00:00","dateModified":"2024-02-09T20:09:33+00:00","description":"D\u00e9couvrez Advantage AV, une entreprise familiale cr\u00e9\u00e9e il y a 30 ans. Nous offrons des services audiovisuels complets adapt\u00e9s \u00e0 vos besoins.","breadcrumb":{"@id":"https:\/\/advantageav.com\/?page_id=812#breadcrumb"},"inLanguage":"en","potentialAction":[{"@type":"ReadAction","target":["https:\/\/advantageav.com\/?page_id=812"]}]},{"@type":"ImageObject","inLanguage":"en","@id":"https:\/\/advantageav.com\/?page_id=812#primaryimage","url":"http:\/\/advantageav.ca\/wp-content\/uploads\/2023\/12\/Bar-MK-II-1024x5.jpg","contentUrl":"http:\/\/advantageav.ca\/wp-content\/uploads\/2023\/12\/Bar-MK-II-1024x5.jpg"},{"@type":"BreadcrumbList","@id":"https:\/\/advantageav.com\/?page_id=812#breadcrumb","itemListElement":[{"@type":"ListItem","position":1,"name":"Home","item":"https:\/\/advantageav.com\/"},{"@type":"ListItem","position":2,"name":"\u00c0 PROPOS"}]},{"@type":"WebSite","@id":"https:\/\/advantageav.com\/#website","url":"https:\/\/advantageav.com\/","name":"advantageav.com","description":"advantageav.com","publisher":{"@id":"https:\/\/advantageav.com\/#organization"},"potentialAction":[{"@type":"SearchAction","target":{"@type":"EntryPoint","urlTemplate":"https:\/\/advantageav.com\/?s={search_term_string}"},"query-input":{"@type":"PropertyValueSpecification","valueRequired":true,"valueName":"search_term_string"}}],"inLanguage":"en"},{"@type":"Organization","@id":"https:\/\/advantageav.com\/#organization","name":"Advantage Audio Visual Rentals","alternateName":"Advantage AV","url":"https:\/\/advantageav.com\/","logo":{"@type":"ImageObject","inLanguage":"en","@id":"https:\/\/advantageav.com\/#\/schema\/logo\/image\/","url":"https:\/\/advantageav.com\/wp-content\/uploads\/2023\/12\/cropped-small-logo-MK-II.png","contentUrl":"https:\/\/advantageav.com\/wp-content\/uploads\/2023\/12\/cropped-small-logo-MK-II.png","width":211,"height":60,"caption":"Advantage Audio Visual Rentals"},"image":{"@id":"https:\/\/advantageav.com\/#\/schema\/logo\/image\/"}}]}},"publishpress_future_action":{"enabled":false,"date":"2026-04-25 02:26:18","action":"change-status","newStatus":"draft","terms":[],"taxonomy":"","extraData":[]},"publishpress_future_workflow_manual_trigger":{"enabledWorkflows":[]},"_links":{"self":[{"href":"https:\/\/advantageav.com\/index.php?rest_route=\/wp\/v2\/pages\/812","targetHints":{"allow":["GET"]}}],"collection":[{"href":"https:\/\/advantageav.com\/index.php?rest_route=\/wp\/v2\/pages"}],"about":[{"href":"https:\/\/advantageav.com\/index.php?rest_route=\/wp\/v2\/types\/page"}],"author":[{"embeddable":true,"href":"https:\/\/advantageav.com\/index.php?rest_route=\/wp\/v2\/users\/1"}],"replies":[{"embeddable":true,"href":"https:\/\/advantageav.com\/index.php?rest_route=%2Fwp%2Fv2%2Fcomments&post=812"}],"version-history":[{"count":3,"href":"https:\/\/advantageav.com\/index.php?rest_route=\/wp\/v2\/pages\/812\/revisions"}],"predecessor-version":[{"id":894,"href":"https:\/\/advantageav.com\/index.php?rest_route=\/wp\/v2\/pages\/812\/revisions\/894"}],"wp:attachment":[{"href":"https:\/\/advantageav.com\/index.php?rest_route=%2Fwp%2Fv2%2Fmedia&parent=812"}],"curies":[{"name":"wp","href":"https:\/\/api.w.org\/{rel}","templated":true}]}}