{"id":814,"date":"2024-01-27T13:36:00","date_gmt":"2024-01-27T13:36:00","guid":{"rendered":"https:\/\/advantageav.com\/?page_id=814"},"modified":"2024-03-18T13:19:55","modified_gmt":"2024-03-18T17:19:55","slug":"ottawa-audio-visual-rentals-2","status":"publish","type":"page","link":"https:\/\/advantageav.com\/?page_id=814","title":{"rendered":"ACCUEIL"},"content":{"rendered":"\n<h2 class=\"wp-block-heading\"><strong>Notre mission<\/strong><\/h2>\n\n\n\n<p>Offrir de l\u2019\u00e9quipement audiovisuel de qualit\u00e9 et des services techniques par le biais d\u2019une approche rentable et sans inqui\u00e9tudes, garantissant des r\u00e9sultats \u00e0 la hauteur de l&#8217;industrie. Notre mission est de vous offrir un service et de l&#8217;\u00e9quipement exceptionnels, afin que votre exp\u00e9rience soit sans faille et qu&#8217;elle serve de mod\u00e8le pour l&#8217;industrie.<\/p>\n\n\n\n<h2 class=\"wp-block-heading\"><strong>Notre engagement<\/strong><\/h2>\n\n\n\n<p>Chez Advantage, nous priorisons votre temps, garantissant un processus sans faille d\u00e8s votre demande initiale jusqu&#8217;\u00e0 la fin de l&#8217;\u00e9v\u00e9nement. Notre \u00e9quipe s&#8217;efforce de minimiser le stress et de cr\u00e9er des relations durables avec les clients plut\u00f4t que de se contenter d&#8217;ex\u00e9cuter des t\u00e2ches. Nous fournissons une assistance technique 24\/7, avec des solutions \u00e0 port\u00e9e de main. Notre engagement va au-del\u00e0 de la compl\u00e9tion du travail et vise une satisfaction \u00e0 long terme. Faites confiance \u00e0 Advantage pour une exp\u00e9rience sans soucis, o\u00f9 le succ\u00e8s de votre \u00e9v\u00e9nement est notre priorit\u00e9.<\/p>\n\n\n\n<figure class=\"wp-block-image alignwide size-large\"><img loading=\"lazy\" decoding=\"async\" width=\"1024\" height=\"5\" src=\"http:\/\/advantageav.ca\/wp-content\/uploads\/2023\/12\/Bar-MK-II-1024x5.jpg\" alt=\"\" class=\"wp-image-316\" srcset=\"https:\/\/advantageav.com\/wp-content\/uploads\/2023\/12\/Bar-MK-II-1024x5.jpg 1024w, https:\/\/advantageav.com\/wp-content\/uploads\/2023\/12\/Bar-MK-II-300x2.jpg 300w, https:\/\/advantageav.com\/wp-content\/uploads\/2023\/12\/Bar-MK-II.jpg 1312w\" sizes=\"auto, (max-width: 1024px) 100vw, 1024px\" \/><\/figure>\n\n\n\n<div class=\"wp-block-columns is-layout-flex wp-container-core-columns-is-layout-28f84493 wp-block-columns-is-layout-flex\">\n<div class=\"wp-block-column is-layout-flow wp-block-column-is-layout-flow\" style=\"flex-basis:50%\">\n<h3 class=\"wp-block-heading\"><strong>Services \u00e9v\u00e9nementiels<\/strong><\/h3>\n\n\n\n<ul class=\"wp-block-list\">\n<li>Rencontres en personne + hybrides<\/li>\n\n\n\n<li>Rencontres et conf\u00e9rences<\/li>\n\n\n\n<li>Salons professionnels et services \u00e9lectriques<\/li>\n\n\n\n<li>R\u00e9unions dans des salles de conf\u00e9rences<\/li>\n\n\n\n<li>Interpr\u00e9tation simultan\u00e9e<\/li>\n<\/ul>\n<\/div>\n\n\n\n<div class=\"wp-block-column is-layout-flow wp-block-column-is-layout-flow\" style=\"flex-basis:50%\">\n<\/div>\n<\/div>\n\n\n\n<figure class=\"wp-block-image alignwide size-large\"><img loading=\"lazy\" decoding=\"async\" width=\"1024\" height=\"5\" src=\"http:\/\/advantageav.ca\/wp-content\/uploads\/2023\/12\/Bar-MK-II-1024x5.jpg\" alt=\"\" class=\"wp-image-316\" srcset=\"https:\/\/advantageav.com\/wp-content\/uploads\/2023\/12\/Bar-MK-II-1024x5.jpg 1024w, https:\/\/advantageav.com\/wp-content\/uploads\/2023\/12\/Bar-MK-II-300x2.jpg 300w, https:\/\/advantageav.com\/wp-content\/uploads\/2023\/12\/Bar-MK-II.jpg 1312w\" sizes=\"auto, (max-width: 1024px) 100vw, 1024px\" \/><\/figure>\n\n\n\n<div class=\"wp-block-columns is-layout-flex wp-container-core-columns-is-layout-28f84493 wp-block-columns-is-layout-flex\">\n<div class=\"wp-block-column is-layout-flow wp-block-column-is-layout-flow\">\n<figure class=\"wp-block-embed is-type-video is-provider-youtube wp-block-embed-youtube wp-embed-aspect-16-9 wp-has-aspect-ratio\"><div class=\"wp-block-embed__wrapper\">\n<iframe loading=\"lazy\" title=\"Corporate Meeting Example - Video Walls\" width=\"950\" height=\"534\" src=\"https:\/\/www.youtube.com\/embed\/2rc_xMDbbfk?feature=oembed\" frameborder=\"0\" allow=\"accelerometer; autoplay; clipboard-write; encrypted-media; gyroscope; picture-in-picture; web-share\" allowfullscreen><\/iframe>\n<\/div><\/figure>\n<\/div>\n\n\n\n<div class=\"wp-block-column is-layout-flow wp-block-column-is-layout-flow\">\n<h3 class=\"wp-block-heading\"><strong>Location d&#8217;\u00e9quipement audiovisuel<\/strong><\/h3>\n\n\n\n<p>Advantage AV est la compagnie de choix pour les organisateurs de congr\u00e8s et d&#8217;\u00e9v\u00e9nements, car elle fournit des \u00e9quipements et des services audiovisuels complets. Notre vaste inventaire r\u00e9pond \u00e0 divers besoins, qu&#8217;il s&#8217;agisse d&#8217;\u00e9v\u00e9nements de petite ou de grande envergure. D&#8217;un grand nombre d&#8217;options d&#8217;\u00e9quipement \u00e0 une mise en sc\u00e8ne polyvalente et \u00e0 des solutions d&#8217;\u00e9clairage personnalis\u00e9es, nous assurons une exp\u00e9rience unique et compl\u00e8te. En tant que partenaire de confiance, notre priorit\u00e9 est de r\u00e9pondre \u00e0 vos besoins sp\u00e9cifiques, en vous offrant un soutien hors pair pour am\u00e9liorer le succ\u00e8s de vos \u00e9v\u00e9nements. Choisissez Advantage AV &#8211; votre partenaire de confiance dans la cr\u00e9ation d&#8217;\u00e9v\u00e9nements r\u00e9ussis et sans faille &#8211; pour une gamme compl\u00e8te de solutions audiovisuelles, offrant l&#8217;excellence pour les conventions et les \u00e9v\u00e9nements!<\/p>\n<\/div>\n<\/div>\n\n\n\n<p class=\"has-text-align-center\">Pour en apprendre davantage sur les services que nous offrons, veuillez <a href=\"https:\/\/advantageav.com\/?page_id=831\">CLIQUER ICI<\/a> ou s\u00e9lectionner une option dans notre menu principal.<\/p>\n\n\n\n<figure class=\"wp-block-image alignwide size-large\"><img loading=\"lazy\" decoding=\"async\" width=\"1024\" height=\"5\" src=\"http:\/\/advantageav.ca\/wp-content\/uploads\/2023\/12\/Bar-MK-II-1024x5.jpg\" alt=\"\" class=\"wp-image-316\" srcset=\"https:\/\/advantageav.com\/wp-content\/uploads\/2023\/12\/Bar-MK-II-1024x5.jpg 1024w, https:\/\/advantageav.com\/wp-content\/uploads\/2023\/12\/Bar-MK-II-300x2.jpg 300w, https:\/\/advantageav.com\/wp-content\/uploads\/2023\/12\/Bar-MK-II.jpg 1312w\" sizes=\"auto, (max-width: 1024px) 100vw, 1024px\" \/><\/figure>\n\n\n\n<h3 class=\"wp-block-heading\"><strong>Service audiovisuel complet<\/strong><\/h3>\n\n\n\n<p>Chez Advantage AV, nous sommes focalis\u00e9s sur l&#8217;avenir et consid\u00e9rons la permanence des espaces de r\u00e9union en ligne. Offrant des services de production complets, nous transformons de mani\u00e8re coh\u00e9rente tout \u00e9v\u00e9nement en personne en \u00e9v\u00e9nement hybride, ayant la capacit\u00e9 de connecter le monde entier. Nos capacit\u00e9s comprennent la diffusion de diapositives, d&#8217;orateurs importants et la fourniture de services d&#8217;interpr\u00e9tation inclusifs pour une participation pleine et enti\u00e8re.<\/p>\n\n\n\n<div class=\"wp-block-columns is-layout-flex wp-container-core-columns-is-layout-28f84493 wp-block-columns-is-layout-flex\">\n<div class=\"wp-block-column is-layout-flow wp-block-column-is-layout-flow\">\n<p><\/p>\n<\/div>\n\n\n\n<div class=\"wp-block-column is-layout-flow wp-block-column-is-layout-flow\"><\/div>\n<\/div>\n\n\n\n","protected":false},"excerpt":{"rendered":"<p>Notre mission Offrir de l\u2019\u00e9quipement audiovisuel de qualit\u00e9 et des services techniques par le biais d\u2019une approche rentable et sans inqui\u00e9tudes, garantissant des r\u00e9sultats \u00e0 la hauteur de l&#8217;industrie. Notre mission est de vous offrir un service et de l&#8217;\u00e9quipement exceptionnels, afin que votre exp\u00e9rience soit sans faille et qu&#8217;elle serve de mod\u00e8le pour l&#8217;industrie. &hellip; <\/p>\n<p class=\"link-more\"><a href=\"https:\/\/advantageav.com\/?page_id=814\" class=\"more-link\">Read more<span class=\"screen-reader-text\"> &#8220;ACCUEIL&#8221;<\/span><\/a><\/p>\n","protected":false},"author":1,"featured_media":0,"parent":0,"menu_order":0,"comment_status":"closed","ping_status":"closed","template":"","meta":{"footnotes":""},"class_list":["post-814","page","type-page","status-publish","hentry"],"yoast_head":"<!-- This site is optimized with the Yoast SEO plugin v27.2 - https:\/\/yoast.com\/product\/yoast-seo-wordpress\/ -->\n<title>ACCUEIL - advantageav.com<\/title>\n<meta name=\"description\" content=\"Fiers de servir la r\u00e9gion d&#039;Ottawa avec des locations d&#039;\u00e9quipement audiovisuel et des \u00e9v\u00e9nements professionnels diffus\u00e9s en direct en ligne.\" \/>\n<meta name=\"robots\" content=\"index, follow, max-snippet:-1, max-image-preview:large, max-video-preview:-1\" \/>\n<link rel=\"canonical\" href=\"https:\/\/advantageav.com\/?page_id=814\" \/>\n<meta property=\"og:locale\" content=\"en_US\" \/>\n<meta property=\"og:type\" content=\"article\" \/>\n<meta property=\"og:title\" content=\"ACCUEIL - advantageav.com\" \/>\n<meta property=\"og:description\" content=\"Fiers de servir la r\u00e9gion d&#039;Ottawa avec des locations d&#039;\u00e9quipement audiovisuel et des \u00e9v\u00e9nements professionnels diffus\u00e9s en direct en ligne.\" \/>\n<meta property=\"og:url\" content=\"https:\/\/advantageav.com\/?page_id=814\" \/>\n<meta property=\"og:site_name\" content=\"advantageav.com\" \/>\n<meta property=\"article:modified_time\" content=\"2024-03-18T17:19:55+00:00\" \/>\n<meta property=\"og:image\" content=\"http:\/\/advantageav.ca\/wp-content\/uploads\/2023\/12\/Bar-MK-II-1024x5.jpg\" \/>\n<meta name=\"twitter:card\" content=\"summary_large_image\" \/>\n<meta name=\"twitter:label1\" content=\"Est. reading time\" \/>\n\t<meta name=\"twitter:data1\" content=\"3 minutes\" \/>\n<script type=\"application\/ld+json\" class=\"yoast-schema-graph\">{\"@context\":\"https:\/\/schema.org\",\"@graph\":[{\"@type\":\"WebPage\",\"@id\":\"https:\/\/advantageav.com\/?page_id=814\",\"url\":\"https:\/\/advantageav.com\/?page_id=814\",\"name\":\"ACCUEIL - advantageav.com\",\"isPartOf\":{\"@id\":\"https:\/\/advantageav.com\/#website\"},\"primaryImageOfPage\":{\"@id\":\"https:\/\/advantageav.com\/?page_id=814#primaryimage\"},\"image\":{\"@id\":\"https:\/\/advantageav.com\/?page_id=814#primaryimage\"},\"thumbnailUrl\":\"http:\/\/advantageav.ca\/wp-content\/uploads\/2023\/12\/Bar-MK-II-1024x5.jpg\",\"datePublished\":\"2024-01-27T13:36:00+00:00\",\"dateModified\":\"2024-03-18T17:19:55+00:00\",\"description\":\"Fiers de servir la r\u00e9gion d'Ottawa avec des locations d'\u00e9quipement audiovisuel et des \u00e9v\u00e9nements professionnels diffus\u00e9s en direct en ligne.\",\"breadcrumb\":{\"@id\":\"https:\/\/advantageav.com\/?page_id=814#breadcrumb\"},\"inLanguage\":\"en\",\"potentialAction\":[{\"@type\":\"ReadAction\",\"target\":[\"https:\/\/advantageav.com\/?page_id=814\"]}]},{\"@type\":\"ImageObject\",\"inLanguage\":\"en\",\"@id\":\"https:\/\/advantageav.com\/?page_id=814#primaryimage\",\"url\":\"http:\/\/advantageav.ca\/wp-content\/uploads\/2023\/12\/Bar-MK-II-1024x5.jpg\",\"contentUrl\":\"http:\/\/advantageav.ca\/wp-content\/uploads\/2023\/12\/Bar-MK-II-1024x5.jpg\"},{\"@type\":\"BreadcrumbList\",\"@id\":\"https:\/\/advantageav.com\/?page_id=814#breadcrumb\",\"itemListElement\":[{\"@type\":\"ListItem\",\"position\":1,\"name\":\"Home\",\"item\":\"https:\/\/advantageav.com\/\"},{\"@type\":\"ListItem\",\"position\":2,\"name\":\"ACCUEIL\"}]},{\"@type\":\"WebSite\",\"@id\":\"https:\/\/advantageav.com\/#website\",\"url\":\"https:\/\/advantageav.com\/\",\"name\":\"advantageav.com\",\"description\":\"advantageav.com\",\"publisher\":{\"@id\":\"https:\/\/advantageav.com\/#organization\"},\"potentialAction\":[{\"@type\":\"SearchAction\",\"target\":{\"@type\":\"EntryPoint\",\"urlTemplate\":\"https:\/\/advantageav.com\/?s={search_term_string}\"},\"query-input\":{\"@type\":\"PropertyValueSpecification\",\"valueRequired\":true,\"valueName\":\"search_term_string\"}}],\"inLanguage\":\"en\"},{\"@type\":\"Organization\",\"@id\":\"https:\/\/advantageav.com\/#organization\",\"name\":\"Advantage Audio Visual Rentals\",\"alternateName\":\"Advantage AV\",\"url\":\"https:\/\/advantageav.com\/\",\"logo\":{\"@type\":\"ImageObject\",\"inLanguage\":\"en\",\"@id\":\"https:\/\/advantageav.com\/#\/schema\/logo\/image\/\",\"url\":\"https:\/\/advantageav.com\/wp-content\/uploads\/2023\/12\/cropped-small-logo-MK-II.png\",\"contentUrl\":\"https:\/\/advantageav.com\/wp-content\/uploads\/2023\/12\/cropped-small-logo-MK-II.png\",\"width\":211,\"height\":60,\"caption\":\"Advantage Audio Visual Rentals\"},\"image\":{\"@id\":\"https:\/\/advantageav.com\/#\/schema\/logo\/image\/\"}}]}<\/script>\n<!-- \/ Yoast SEO plugin. -->","yoast_head_json":{"title":"ACCUEIL - advantageav.com","description":"Fiers de servir la r\u00e9gion d'Ottawa avec des locations d'\u00e9quipement audiovisuel et des \u00e9v\u00e9nements professionnels diffus\u00e9s en direct en ligne.","robots":{"index":"index","follow":"follow","max-snippet":"max-snippet:-1","max-image-preview":"max-image-preview:large","max-video-preview":"max-video-preview:-1"},"canonical":"https:\/\/advantageav.com\/?page_id=814","og_locale":"en_US","og_type":"article","og_title":"ACCUEIL - advantageav.com","og_description":"Fiers de servir la r\u00e9gion d'Ottawa avec des locations d'\u00e9quipement audiovisuel et des \u00e9v\u00e9nements professionnels diffus\u00e9s en direct en ligne.","og_url":"https:\/\/advantageav.com\/?page_id=814","og_site_name":"advantageav.com","article_modified_time":"2024-03-18T17:19:55+00:00","og_image":[{"url":"http:\/\/advantageav.ca\/wp-content\/uploads\/2023\/12\/Bar-MK-II-1024x5.jpg","type":"","width":"","height":""}],"twitter_card":"summary_large_image","twitter_misc":{"Est. reading time":"3 minutes"},"schema":{"@context":"https:\/\/schema.org","@graph":[{"@type":"WebPage","@id":"https:\/\/advantageav.com\/?page_id=814","url":"https:\/\/advantageav.com\/?page_id=814","name":"ACCUEIL - advantageav.com","isPartOf":{"@id":"https:\/\/advantageav.com\/#website"},"primaryImageOfPage":{"@id":"https:\/\/advantageav.com\/?page_id=814#primaryimage"},"image":{"@id":"https:\/\/advantageav.com\/?page_id=814#primaryimage"},"thumbnailUrl":"http:\/\/advantageav.ca\/wp-content\/uploads\/2023\/12\/Bar-MK-II-1024x5.jpg","datePublished":"2024-01-27T13:36:00+00:00","dateModified":"2024-03-18T17:19:55+00:00","description":"Fiers de servir la r\u00e9gion d'Ottawa avec des locations d'\u00e9quipement audiovisuel et des \u00e9v\u00e9nements professionnels diffus\u00e9s en direct en ligne.","breadcrumb":{"@id":"https:\/\/advantageav.com\/?page_id=814#breadcrumb"},"inLanguage":"en","potentialAction":[{"@type":"ReadAction","target":["https:\/\/advantageav.com\/?page_id=814"]}]},{"@type":"ImageObject","inLanguage":"en","@id":"https:\/\/advantageav.com\/?page_id=814#primaryimage","url":"http:\/\/advantageav.ca\/wp-content\/uploads\/2023\/12\/Bar-MK-II-1024x5.jpg","contentUrl":"http:\/\/advantageav.ca\/wp-content\/uploads\/2023\/12\/Bar-MK-II-1024x5.jpg"},{"@type":"BreadcrumbList","@id":"https:\/\/advantageav.com\/?page_id=814#breadcrumb","itemListElement":[{"@type":"ListItem","position":1,"name":"Home","item":"https:\/\/advantageav.com\/"},{"@type":"ListItem","position":2,"name":"ACCUEIL"}]},{"@type":"WebSite","@id":"https:\/\/advantageav.com\/#website","url":"https:\/\/advantageav.com\/","name":"advantageav.com","description":"advantageav.com","publisher":{"@id":"https:\/\/advantageav.com\/#organization"},"potentialAction":[{"@type":"SearchAction","target":{"@type":"EntryPoint","urlTemplate":"https:\/\/advantageav.com\/?s={search_term_string}"},"query-input":{"@type":"PropertyValueSpecification","valueRequired":true,"valueName":"search_term_string"}}],"inLanguage":"en"},{"@type":"Organization","@id":"https:\/\/advantageav.com\/#organization","name":"Advantage Audio Visual Rentals","alternateName":"Advantage AV","url":"https:\/\/advantageav.com\/","logo":{"@type":"ImageObject","inLanguage":"en","@id":"https:\/\/advantageav.com\/#\/schema\/logo\/image\/","url":"https:\/\/advantageav.com\/wp-content\/uploads\/2023\/12\/cropped-small-logo-MK-II.png","contentUrl":"https:\/\/advantageav.com\/wp-content\/uploads\/2023\/12\/cropped-small-logo-MK-II.png","width":211,"height":60,"caption":"Advantage Audio Visual Rentals"},"image":{"@id":"https:\/\/advantageav.com\/#\/schema\/logo\/image\/"}}]}},"publishpress_future_action":{"enabled":false,"date":"2026-04-25 00:42:02","action":"change-status","newStatus":"draft","terms":[],"taxonomy":"","extraData":[]},"publishpress_future_workflow_manual_trigger":{"enabledWorkflows":[]},"_links":{"self":[{"href":"https:\/\/advantageav.com\/index.php?rest_route=\/wp\/v2\/pages\/814","targetHints":{"allow":["GET"]}}],"collection":[{"href":"https:\/\/advantageav.com\/index.php?rest_route=\/wp\/v2\/pages"}],"about":[{"href":"https:\/\/advantageav.com\/index.php?rest_route=\/wp\/v2\/types\/page"}],"author":[{"embeddable":true,"href":"https:\/\/advantageav.com\/index.php?rest_route=\/wp\/v2\/users\/1"}],"replies":[{"embeddable":true,"href":"https:\/\/advantageav.com\/index.php?rest_route=%2Fwp%2Fv2%2Fcomments&post=814"}],"version-history":[{"count":6,"href":"https:\/\/advantageav.com\/index.php?rest_route=\/wp\/v2\/pages\/814\/revisions"}],"predecessor-version":[{"id":1043,"href":"https:\/\/advantageav.com\/index.php?rest_route=\/wp\/v2\/pages\/814\/revisions\/1043"}],"wp:attachment":[{"href":"https:\/\/advantageav.com\/index.php?rest_route=%2Fwp%2Fv2%2Fmedia&parent=814"}],"curies":[{"name":"wp","href":"https:\/\/api.w.org\/{rel}","templated":true}]}}