{"id":823,"date":"2024-01-27T19:01:26","date_gmt":"2024-01-27T19:01:26","guid":{"rendered":"https:\/\/advantageav.com\/?page_id=823"},"modified":"2024-02-09T20:01:01","modified_gmt":"2024-02-09T20:01:01","slug":"services-2","status":"publish","type":"page","link":"https:\/\/advantageav.com\/?page_id=823","title":{"rendered":"SERVICES \u00c9V\u00c9NEMENTIELS"},"content":{"rendered":"\n<h3 class=\"wp-block-heading\"><strong>Service du d\u00e9but \u00e0 la fin<\/strong><\/h3>\n\n\n\n<div class=\"wp-block-columns is-layout-flex wp-container-core-columns-is-layout-28f84493 wp-block-columns-is-layout-flex\">\n<div class=\"wp-block-column is-layout-flow wp-block-column-is-layout-flow\" style=\"flex-basis:50%\">\n<p>Advantage Audio Visual Rentals propose des solutions pour toutes vos r\u00e9unions. Quels que soient vos besoins, nos services sont adaptables et personnalis\u00e9s pour assurer le succ\u00e8s de votre \u00e9v\u00e9nement. Faites-nous confiance pour vous fournir les bonnes solutions, quelles que soient les sp\u00e9cificit\u00e9s de votre r\u00e9union.<\/p>\n\n\n\n<p>Si votre r\u00e9union n\u00e9cessite du soutien en direct, nous mettons \u00e0 votre disposition des techniciens qualifi\u00e9s qui ma\u00eetrisent parfaitement les technologies actuelles. Soyez assur\u00e9s que nos experts garantissent un fonctionnement fluide et sans difficult\u00e9, en r\u00e9pondant \u00e0 tous les besoins techniques afin de garantir le succ\u00e8s de votre \u00e9v\u00e9nement. La pr\u00e9sence d&#8217;un technicien sur place vous permet de vous concentrer sur la r\u00e9union, en vous lib\u00e9rant de vos pr\u00e9occupations et en vous garantissant une exp\u00e9rience transparente et sans stress. Votre attention reste intacte pendant que nous nous occupons des aspects techniques, garantissant ainsi le bon d\u00e9roulement de l&#8217;\u00e9v\u00e9nement.<\/p>\n<\/div>\n\n\n\n<div class=\"wp-block-column is-layout-flow wp-block-column-is-layout-flow\" style=\"flex-basis:50%\">\n<figure class=\"wp-block-image size-large\"><img loading=\"lazy\" decoding=\"async\" width=\"1024\" height=\"572\" src=\"http:\/\/advantageav.ca\/wp-content\/uploads\/2024\/01\/PXL_20221001_223729051-1024x572.jpg\" alt=\"\" class=\"wp-image-448\" srcset=\"https:\/\/advantageav.com\/wp-content\/uploads\/2024\/01\/PXL_20221001_223729051-1024x572.jpg 1024w, https:\/\/advantageav.com\/wp-content\/uploads\/2024\/01\/PXL_20221001_223729051-300x167.jpg 300w, https:\/\/advantageav.com\/wp-content\/uploads\/2024\/01\/PXL_20221001_223729051-2000x1116.jpg 2000w\" sizes=\"auto, (max-width: 1024px) 100vw, 1024px\" \/><\/figure>\n<\/div>\n<\/div>\n\n\n\n<figure class=\"wp-block-image alignwide size-large\"><img loading=\"lazy\" decoding=\"async\" width=\"1024\" height=\"5\" src=\"http:\/\/advantageav.ca\/wp-content\/uploads\/2023\/12\/Bar-MK-II-1024x5.jpg\" alt=\"\" class=\"wp-image-316\" srcset=\"https:\/\/advantageav.com\/wp-content\/uploads\/2023\/12\/Bar-MK-II-1024x5.jpg 1024w, https:\/\/advantageav.com\/wp-content\/uploads\/2023\/12\/Bar-MK-II-300x2.jpg 300w, https:\/\/advantageav.com\/wp-content\/uploads\/2023\/12\/Bar-MK-II.jpg 1312w\" sizes=\"auto, (max-width: 1024px) 100vw, 1024px\" \/><\/figure>\n\n\n\n<p>Pour en savoir plus sur les services que nous proposons, veuillez consulter les liens ci-dessous. Si vous souhaitez parler \u00e0 un membre de notre \u00e9quipe au sujet de votre \u00e9v\u00e9nement et de vos besoins, n&#8217;h\u00e9sitez pas \u00e0 nous <a href=\"https:\/\/advantageav.com\/?page_id=831\">CONTACTER<\/a> et nous serons heureux de vous aider \u00e0 donner vie \u00e0 votre vision.<\/p>\n\n\n\n<div class=\"wp-block-buttons is-content-justification-center is-layout-flex wp-container-core-buttons-is-layout-a89b3969 wp-block-buttons-is-layout-flex\">\n<div class=\"wp-block-button has-custom-width wp-block-button__width-25\"><a class=\"wp-block-button__link has-text-align-center wp-element-button\" href=\"https:\/\/advantageav.com\/?page_id=838\"><strong>EN PERSONNE \/ HYBRIDE<\/strong><\/a><\/div>\n\n\n\n<div class=\"wp-block-button\"><a class=\"wp-block-button__link has-text-align-center wp-element-button\" href=\"https:\/\/advantageav.com\/?page_id=840\"><strong>RENCONTRES \/ CONF\u00c9RENCES<\/strong><\/a><\/div>\n\n\n\n<div class=\"wp-block-button\"><a class=\"wp-block-button__link has-text-align-center wp-element-button\" href=\"https:\/\/advantageav.com\/?page_id=842\"><strong>SALON PROFESSIONNEL \/ SERVICES \u00c9LECTRIQUES<\/strong> <\/a><\/div>\n\n\n\n<div class=\"wp-block-button\"><a class=\"wp-block-button__link has-text-align-center wp-element-button\" href=\"https:\/\/advantageav.com\/?page_id=844\"><strong>SALLE DE CONF\u00c9RENCE<\/strong><\/a><\/div>\n\n\n\n<div class=\"wp-block-button\"><a class=\"wp-block-button__link has-text-align-center wp-element-button\" href=\"https:\/\/advantageav.com\/?page_id=846\"><strong>INTERPR\u00c9TATION SIMULTAN\u00c9E<\/strong> <\/a><\/div>\n<\/div>\n\n\n\n<p><\/p>\n\n\n\n","protected":false},"excerpt":{"rendered":"<p>Service du d\u00e9but \u00e0 la fin Advantage Audio Visual Rentals propose des solutions pour toutes vos r\u00e9unions. Quels que soient vos besoins, nos services sont adaptables et personnalis\u00e9s pour assurer le succ\u00e8s de votre \u00e9v\u00e9nement. Faites-nous confiance pour vous fournir les bonnes solutions, quelles que soient les sp\u00e9cificit\u00e9s de votre r\u00e9union. Si votre r\u00e9union n\u00e9cessite &hellip; <\/p>\n<p class=\"link-more\"><a href=\"https:\/\/advantageav.com\/?page_id=823\" class=\"more-link\">Read more<span class=\"screen-reader-text\"> &#8220;SERVICES \u00c9V\u00c9NEMENTIELS&#8221;<\/span><\/a><\/p>\n","protected":false},"author":1,"featured_media":0,"parent":0,"menu_order":0,"comment_status":"closed","ping_status":"closed","template":"","meta":{"footnotes":""},"class_list":["post-823","page","type-page","status-publish","hentry"],"yoast_head":"<!-- This site is optimized with the Yoast SEO plugin v27.2 - https:\/\/yoast.com\/product\/yoast-seo-wordpress\/ -->\n<title>SERVICES \u00c9V\u00c9NEMENTIELS - advantageav.com<\/title>\n<meta name=\"description\" content=\"Advantage AV propose des solutions pour toutes vos r\u00e9unions. Quels que soient vos besoins, nos services sont adaptables et personnalis\u00e9s.\" \/>\n<meta name=\"robots\" content=\"index, follow, max-snippet:-1, max-image-preview:large, max-video-preview:-1\" \/>\n<link rel=\"canonical\" href=\"https:\/\/advantageav.com\/?page_id=823\" \/>\n<meta property=\"og:locale\" content=\"en_US\" \/>\n<meta property=\"og:type\" content=\"article\" \/>\n<meta property=\"og:title\" content=\"SERVICES \u00c9V\u00c9NEMENTIELS - advantageav.com\" \/>\n<meta property=\"og:description\" content=\"Advantage AV propose des solutions pour toutes vos r\u00e9unions. Quels que soient vos besoins, nos services sont adaptables et personnalis\u00e9s.\" \/>\n<meta property=\"og:url\" content=\"https:\/\/advantageav.com\/?page_id=823\" \/>\n<meta property=\"og:site_name\" content=\"advantageav.com\" \/>\n<meta property=\"article:modified_time\" content=\"2024-02-09T20:01:01+00:00\" \/>\n<meta property=\"og:image\" content=\"http:\/\/advantageav.ca\/wp-content\/uploads\/2024\/01\/PXL_20221001_223729051-1024x572.jpg\" \/>\n<meta name=\"twitter:card\" content=\"summary_large_image\" \/>\n<meta name=\"twitter:label1\" content=\"Est. reading time\" \/>\n\t<meta name=\"twitter:data1\" content=\"2 minutes\" \/>\n<script type=\"application\/ld+json\" class=\"yoast-schema-graph\">{\"@context\":\"https:\/\/schema.org\",\"@graph\":[{\"@type\":\"WebPage\",\"@id\":\"https:\/\/advantageav.com\/?page_id=823\",\"url\":\"https:\/\/advantageav.com\/?page_id=823\",\"name\":\"SERVICES \u00c9V\u00c9NEMENTIELS - advantageav.com\",\"isPartOf\":{\"@id\":\"https:\/\/advantageav.com\/#website\"},\"primaryImageOfPage\":{\"@id\":\"https:\/\/advantageav.com\/?page_id=823#primaryimage\"},\"image\":{\"@id\":\"https:\/\/advantageav.com\/?page_id=823#primaryimage\"},\"thumbnailUrl\":\"http:\/\/advantageav.ca\/wp-content\/uploads\/2024\/01\/PXL_20221001_223729051-1024x572.jpg\",\"datePublished\":\"2024-01-27T19:01:26+00:00\",\"dateModified\":\"2024-02-09T20:01:01+00:00\",\"description\":\"Advantage AV propose des solutions pour toutes vos r\u00e9unions. Quels que soient vos besoins, nos services sont adaptables et personnalis\u00e9s.\",\"breadcrumb\":{\"@id\":\"https:\/\/advantageav.com\/?page_id=823#breadcrumb\"},\"inLanguage\":\"en\",\"potentialAction\":[{\"@type\":\"ReadAction\",\"target\":[\"https:\/\/advantageav.com\/?page_id=823\"]}]},{\"@type\":\"ImageObject\",\"inLanguage\":\"en\",\"@id\":\"https:\/\/advantageav.com\/?page_id=823#primaryimage\",\"url\":\"http:\/\/advantageav.ca\/wp-content\/uploads\/2024\/01\/PXL_20221001_223729051-1024x572.jpg\",\"contentUrl\":\"http:\/\/advantageav.ca\/wp-content\/uploads\/2024\/01\/PXL_20221001_223729051-1024x572.jpg\"},{\"@type\":\"BreadcrumbList\",\"@id\":\"https:\/\/advantageav.com\/?page_id=823#breadcrumb\",\"itemListElement\":[{\"@type\":\"ListItem\",\"position\":1,\"name\":\"Home\",\"item\":\"https:\/\/advantageav.com\/\"},{\"@type\":\"ListItem\",\"position\":2,\"name\":\"SERVICES \u00c9V\u00c9NEMENTIELS\"}]},{\"@type\":\"WebSite\",\"@id\":\"https:\/\/advantageav.com\/#website\",\"url\":\"https:\/\/advantageav.com\/\",\"name\":\"advantageav.com\",\"description\":\"advantageav.com\",\"publisher\":{\"@id\":\"https:\/\/advantageav.com\/#organization\"},\"potentialAction\":[{\"@type\":\"SearchAction\",\"target\":{\"@type\":\"EntryPoint\",\"urlTemplate\":\"https:\/\/advantageav.com\/?s={search_term_string}\"},\"query-input\":{\"@type\":\"PropertyValueSpecification\",\"valueRequired\":true,\"valueName\":\"search_term_string\"}}],\"inLanguage\":\"en\"},{\"@type\":\"Organization\",\"@id\":\"https:\/\/advantageav.com\/#organization\",\"name\":\"Advantage Audio Visual Rentals\",\"alternateName\":\"Advantage AV\",\"url\":\"https:\/\/advantageav.com\/\",\"logo\":{\"@type\":\"ImageObject\",\"inLanguage\":\"en\",\"@id\":\"https:\/\/advantageav.com\/#\/schema\/logo\/image\/\",\"url\":\"https:\/\/advantageav.com\/wp-content\/uploads\/2023\/12\/cropped-small-logo-MK-II.png\",\"contentUrl\":\"https:\/\/advantageav.com\/wp-content\/uploads\/2023\/12\/cropped-small-logo-MK-II.png\",\"width\":211,\"height\":60,\"caption\":\"Advantage Audio Visual Rentals\"},\"image\":{\"@id\":\"https:\/\/advantageav.com\/#\/schema\/logo\/image\/\"}}]}<\/script>\n<!-- \/ Yoast SEO plugin. -->","yoast_head_json":{"title":"SERVICES \u00c9V\u00c9NEMENTIELS - advantageav.com","description":"Advantage AV propose des solutions pour toutes vos r\u00e9unions. Quels que soient vos besoins, nos services sont adaptables et personnalis\u00e9s.","robots":{"index":"index","follow":"follow","max-snippet":"max-snippet:-1","max-image-preview":"max-image-preview:large","max-video-preview":"max-video-preview:-1"},"canonical":"https:\/\/advantageav.com\/?page_id=823","og_locale":"en_US","og_type":"article","og_title":"SERVICES \u00c9V\u00c9NEMENTIELS - advantageav.com","og_description":"Advantage AV propose des solutions pour toutes vos r\u00e9unions. Quels que soient vos besoins, nos services sont adaptables et personnalis\u00e9s.","og_url":"https:\/\/advantageav.com\/?page_id=823","og_site_name":"advantageav.com","article_modified_time":"2024-02-09T20:01:01+00:00","og_image":[{"url":"http:\/\/advantageav.ca\/wp-content\/uploads\/2024\/01\/PXL_20221001_223729051-1024x572.jpg","type":"","width":"","height":""}],"twitter_card":"summary_large_image","twitter_misc":{"Est. reading time":"2 minutes"},"schema":{"@context":"https:\/\/schema.org","@graph":[{"@type":"WebPage","@id":"https:\/\/advantageav.com\/?page_id=823","url":"https:\/\/advantageav.com\/?page_id=823","name":"SERVICES \u00c9V\u00c9NEMENTIELS - advantageav.com","isPartOf":{"@id":"https:\/\/advantageav.com\/#website"},"primaryImageOfPage":{"@id":"https:\/\/advantageav.com\/?page_id=823#primaryimage"},"image":{"@id":"https:\/\/advantageav.com\/?page_id=823#primaryimage"},"thumbnailUrl":"http:\/\/advantageav.ca\/wp-content\/uploads\/2024\/01\/PXL_20221001_223729051-1024x572.jpg","datePublished":"2024-01-27T19:01:26+00:00","dateModified":"2024-02-09T20:01:01+00:00","description":"Advantage AV propose des solutions pour toutes vos r\u00e9unions. Quels que soient vos besoins, nos services sont adaptables et personnalis\u00e9s.","breadcrumb":{"@id":"https:\/\/advantageav.com\/?page_id=823#breadcrumb"},"inLanguage":"en","potentialAction":[{"@type":"ReadAction","target":["https:\/\/advantageav.com\/?page_id=823"]}]},{"@type":"ImageObject","inLanguage":"en","@id":"https:\/\/advantageav.com\/?page_id=823#primaryimage","url":"http:\/\/advantageav.ca\/wp-content\/uploads\/2024\/01\/PXL_20221001_223729051-1024x572.jpg","contentUrl":"http:\/\/advantageav.ca\/wp-content\/uploads\/2024\/01\/PXL_20221001_223729051-1024x572.jpg"},{"@type":"BreadcrumbList","@id":"https:\/\/advantageav.com\/?page_id=823#breadcrumb","itemListElement":[{"@type":"ListItem","position":1,"name":"Home","item":"https:\/\/advantageav.com\/"},{"@type":"ListItem","position":2,"name":"SERVICES \u00c9V\u00c9NEMENTIELS"}]},{"@type":"WebSite","@id":"https:\/\/advantageav.com\/#website","url":"https:\/\/advantageav.com\/","name":"advantageav.com","description":"advantageav.com","publisher":{"@id":"https:\/\/advantageav.com\/#organization"},"potentialAction":[{"@type":"SearchAction","target":{"@type":"EntryPoint","urlTemplate":"https:\/\/advantageav.com\/?s={search_term_string}"},"query-input":{"@type":"PropertyValueSpecification","valueRequired":true,"valueName":"search_term_string"}}],"inLanguage":"en"},{"@type":"Organization","@id":"https:\/\/advantageav.com\/#organization","name":"Advantage Audio Visual Rentals","alternateName":"Advantage AV","url":"https:\/\/advantageav.com\/","logo":{"@type":"ImageObject","inLanguage":"en","@id":"https:\/\/advantageav.com\/#\/schema\/logo\/image\/","url":"https:\/\/advantageav.com\/wp-content\/uploads\/2023\/12\/cropped-small-logo-MK-II.png","contentUrl":"https:\/\/advantageav.com\/wp-content\/uploads\/2023\/12\/cropped-small-logo-MK-II.png","width":211,"height":60,"caption":"Advantage Audio Visual Rentals"},"image":{"@id":"https:\/\/advantageav.com\/#\/schema\/logo\/image\/"}}]}},"publishpress_future_action":{"enabled":false,"date":"2026-04-25 02:33:14","action":"change-status","newStatus":"draft","terms":[],"taxonomy":"","extraData":[]},"publishpress_future_workflow_manual_trigger":{"enabledWorkflows":[]},"_links":{"self":[{"href":"https:\/\/advantageav.com\/index.php?rest_route=\/wp\/v2\/pages\/823","targetHints":{"allow":["GET"]}}],"collection":[{"href":"https:\/\/advantageav.com\/index.php?rest_route=\/wp\/v2\/pages"}],"about":[{"href":"https:\/\/advantageav.com\/index.php?rest_route=\/wp\/v2\/types\/page"}],"author":[{"embeddable":true,"href":"https:\/\/advantageav.com\/index.php?rest_route=\/wp\/v2\/users\/1"}],"replies":[{"embeddable":true,"href":"https:\/\/advantageav.com\/index.php?rest_route=%2Fwp%2Fv2%2Fcomments&post=823"}],"version-history":[{"count":5,"href":"https:\/\/advantageav.com\/index.php?rest_route=\/wp\/v2\/pages\/823\/revisions"}],"predecessor-version":[{"id":903,"href":"https:\/\/advantageav.com\/index.php?rest_route=\/wp\/v2\/pages\/823\/revisions\/903"}],"wp:attachment":[{"href":"https:\/\/advantageav.com\/index.php?rest_route=%2Fwp%2Fv2%2Fmedia&parent=823"}],"curies":[{"name":"wp","href":"https:\/\/api.w.org\/{rel}","templated":true}]}}