{"id":840,"date":"2024-01-27T21:08:56","date_gmt":"2024-01-27T21:08:56","guid":{"rendered":"https:\/\/advantageav.com\/?page_id=840"},"modified":"2024-02-09T19:37:05","modified_gmt":"2024-02-09T19:37:05","slug":"meetings-conferences-2","status":"publish","type":"page","link":"https:\/\/advantageav.com\/?page_id=840","title":{"rendered":"RENCONTRES \/ CONF\u00c9RENCES"},"content":{"rendered":"\n\n\n\n<h3 class=\"wp-block-heading\"><strong>RENCONTRES \/ CONF\u00c9RENCES<\/strong><\/h3>\n\n\n\n<div class=\"wp-block-columns is-layout-flex wp-container-core-columns-is-layout-28f84493 wp-block-columns-is-layout-flex\">\n<div class=\"wp-block-column is-layout-flow wp-block-column-is-layout-flow\">\n<p>S\u00e9lectionner de l&#8217;\u00e9quipement audiovisuel (AV) appropri\u00e9 pour les rencontres et conf\u00e9rences est cruciale pour assurer une communication sans faille, l&#8217;engagement et le succ\u00e8s global de l&#8217;\u00e9v\u00e9nement. Le choix de l&#8217;\u00e9quipement audiovisuel d\u00e9pend de la taille du lieu de l\u2019\u00e9v\u00e9nement, de la nature du contenu et des pr\u00e9f\u00e9rences technologiques des pr\u00e9sentateurs et des participants.<\/p>\n<\/div>\n\n\n\n<div class=\"wp-block-column is-layout-flow wp-block-column-is-layout-flow\">\n<figure class=\"wp-block-image size-large\"><img loading=\"lazy\" decoding=\"async\" width=\"1024\" height=\"491\" src=\"http:\/\/advantageav.ca\/wp-content\/uploads\/2024\/01\/PXL_20231019_112008484-1024x491.jpg\" alt=\"\" class=\"wp-image-460\" srcset=\"https:\/\/advantageav.com\/wp-content\/uploads\/2024\/01\/PXL_20231019_112008484-1024x491.jpg 1024w, https:\/\/advantageav.com\/wp-content\/uploads\/2024\/01\/PXL_20231019_112008484-300x144.jpg 300w, https:\/\/advantageav.com\/wp-content\/uploads\/2024\/01\/PXL_20231019_112008484-2000x959.jpg 2000w\" sizes=\"auto, (max-width: 1024px) 100vw, 1024px\" \/><\/figure>\n<\/div>\n<\/div>\n\n\n\n<figure class=\"wp-block-image alignwide size-large\"><img loading=\"lazy\" decoding=\"async\" width=\"1024\" height=\"5\" src=\"http:\/\/advantageav.ca\/wp-content\/uploads\/2023\/12\/Bar-MK-II-1024x5.jpg\" alt=\"\" class=\"wp-image-316\" srcset=\"https:\/\/advantageav.com\/wp-content\/uploads\/2023\/12\/Bar-MK-II-1024x5.jpg 1024w, https:\/\/advantageav.com\/wp-content\/uploads\/2023\/12\/Bar-MK-II-300x2.jpg 300w, https:\/\/advantageav.com\/wp-content\/uploads\/2023\/12\/Bar-MK-II.jpg 1312w\" sizes=\"auto, (max-width: 1024px) 100vw, 1024px\" \/><\/figure>\n\n\n\n<p>Here are key components that contribute to an effective AV set up. Click on each to learn more.Voici les \u00e9l\u00e9ments cl\u00e9s qui contribuent \u00e0 une installation audiovisuelle efficace. Cliquez sur chacun d&#8217;entre eux pour en savoir plus.<\/p>\n\n\n\n<details class=\"wp-block-details is-layout-flow wp-block-details-is-layout-flow\"><summary>Projecteurs et \u00e9crans:<\/summary>\n<p>Des projecteurs de haute qualit\u00e9 ou de grands \u00e9crans sont essentiels pour les pr\u00e9sentations et le contenu visuel. Ils doivent fournir des images claires et vivantes, afin que tous les participants puissent facilement voir et comprendre les informations partag\u00e9es.<\/p>\n<\/details>\n\n\n\n<details class=\"wp-block-details is-layout-flow wp-block-details-is-layout-flow\"><summary>Syst\u00e8mes audio:<\/summary>\n<p>Un son clair et puissant est essentiel pour une communication efficace. Cela inclut des microphones pour les pr\u00e9sentateurs, des haut-parleurs de haute qualit\u00e9 pour le public et un \u00e9quipement de contr\u00f4le audio pour \u00e9liminer les bruits de fond. Les microphones sans fil permettent aux pr\u00e9sentateurs de se d\u00e9placer dans l&#8217;espace.<\/p>\n<\/details>\n\n\n\n<details class=\"wp-block-details is-layout-flow wp-block-details-is-layout-flow\"><summary>\u00c9quipement de vid\u00e9oconf\u00e9rence:<\/summary>\n<p>Pour les rencontres hybrides ou les conf\u00e9rences avec des participants \u00e0 distance, l&#8217;\u00e9quipement de vid\u00e9oconf\u00e9rence est crucial. Des cam\u00e9ras HD, un logiciel de vid\u00e9oconf\u00e9rence fiable et des p\u00e9riph\u00e9riques compatibles garantissent une connexion virtuelle fluide, permettant aux participants \u00e0 distance de participer pleinement aux discussions.<\/p>\n<\/details>\n\n\n\n<details class=\"wp-block-details is-layout-flow wp-block-details-is-layout-flow\"><summary>Syst\u00e8mes d\u2019\u00e9clairage:<\/summary>\n<p>Un bon \u00e9clairage est souvent n\u00e9glig\u00e9, mais il est crucial pour la qualit\u00e9 de la vid\u00e9o et la visibilit\u00e9 g\u00e9n\u00e9rale. Des syst\u00e8mes d&#8217;\u00e9clairage r\u00e9glables peuvent \u00eatre utilis\u00e9s pour mettre en valeur les pr\u00e9sentateurs et cr\u00e9er une atmosph\u00e8re propice \u00e0 la concentration et \u00e0 la participation.<\/p>\n<\/details>\n\n\n\n<details class=\"wp-block-details is-layout-flow wp-block-details-is-layout-flow\"><summary>Syst\u00e8mes de contr\u00f4le AV:<\/summary>\n<p>Les syst\u00e8mes de contr\u00f4le AV centralis\u00e9s simplifient le fonctionnement des diff\u00e9rents \u00e9quipements. Ces syst\u00e8mes permettent aux pr\u00e9sentateurs de g\u00e9rer les niveaux audio, de passer d&#8217;une source \u00e0 l&#8217;autre et de contr\u00f4ler l&#8217;ensemble de l&#8217;environnement audiovisuel \u00e0 partir d&#8217;une seule interface.<\/p>\n<\/details>\n\n\n\n<details class=\"wp-block-details is-layout-flow wp-block-details-is-layout-flow\"><summary>\u00c9quipement de diffusion en direct et enregistrement:<\/summary>\n<p>Pour les \u00e9v\u00e9nements qui touchent un public plus large, les capacit\u00e9s de diffusion en direct sont pr\u00e9cieuses. Les cam\u00e9ras, les appareils d&#8217;encodage et les plateformes de diffusion telles que MS Teams ou Zoom permettent une diffusion en temps r\u00e9el. Le syst\u00e8me d&#8217;enregistrement permet de capturer l&#8217;\u00e9v\u00e9nement pour consultation ult\u00e9rieure, documentation ou distribution.<\/p>\n<\/details>\n\n\n\n<details class=\"wp-block-details is-layout-flow wp-block-details-is-layout-flow\"><summary>Syst\u00e8mes de r\u00e9ponse de l&#8217;auditoire:<\/summary>\n<p>Pour impliquer activement les participants, des syst\u00e8mes de r\u00e9ponse du public peuvent \u00eatre int\u00e9gr\u00e9s. Ces syst\u00e8mes utilisent des cliqueurs ou des applications mobiles pour recueillir des commentaires en temps r\u00e9el, r\u00e9aliser des sondages et encourager la participation du public.<\/p>\n<\/details>\n\n\n\n<details class=\"wp-block-details is-layout-flow wp-block-details-is-layout-flow\"><summary>Meubles et installations de qualit\u00e9:<\/summary>\n<p>Des si\u00e8ges confortables, des podiums appropri\u00e9s et une disposition bien organis\u00e9e contribuent \u00e0 la r\u00e9ussite globale de la rencontre. Un espace suffisant pour les pr\u00e9sentateurs et des lignes de vue d\u00e9gag\u00e9es pour le public sont des consid\u00e9rations essentielles.<\/p>\n<\/details>\n\n\n\n<figure class=\"wp-block-image alignwide size-large\"><img loading=\"lazy\" decoding=\"async\" width=\"1024\" height=\"5\" src=\"http:\/\/advantageav.ca\/wp-content\/uploads\/2023\/12\/Bar-MK-II-1024x5.jpg\" alt=\"\" class=\"wp-image-316\" srcset=\"https:\/\/advantageav.com\/wp-content\/uploads\/2023\/12\/Bar-MK-II-1024x5.jpg 1024w, https:\/\/advantageav.com\/wp-content\/uploads\/2023\/12\/Bar-MK-II-300x2.jpg 300w, https:\/\/advantageav.com\/wp-content\/uploads\/2023\/12\/Bar-MK-II.jpg 1312w\" sizes=\"auto, (max-width: 1024px) 100vw, 1024px\" \/><\/figure>\n\n\n\n<p>Au fur et \u00e0 mesure que la technologie progresse, Advantage Audio Visual Rentals reste \u00e0 l&#8217;aff\u00fbt des derni\u00e8res solutions audiovisuelles pour am\u00e9liorer l&#8217;impact et l&#8217;efficacit\u00e9 des rencontres et des conf\u00e9rences de nos clients. Notre personnel technique suit une formation compl\u00e8te pour s&#8217;assurer que nos clients exploitent toutes les capacit\u00e9s de l&#8217;\u00e9quipement de pointe. Pour en savoir plus sur notre inventaire d&#8217;\u00e9quipement de location ou pour obtenir un devis, veuillez <a href=\"https:\/\/advantageav.com\/?page_id=831\">CLIQUER ICI<\/a>.<\/p>\n\n\n\n<p><\/p>\n\n\n\n","protected":false},"excerpt":{"rendered":"<p>RENCONTRES \/ CONF\u00c9RENCES S\u00e9lectionner de l&#8217;\u00e9quipement audiovisuel (AV) appropri\u00e9 pour les rencontres et conf\u00e9rences est cruciale pour assurer une communication sans faille, l&#8217;engagement et le succ\u00e8s global de l&#8217;\u00e9v\u00e9nement. Le choix de l&#8217;\u00e9quipement audiovisuel d\u00e9pend de la taille du lieu de l\u2019\u00e9v\u00e9nement, de la nature du contenu et des pr\u00e9f\u00e9rences technologiques des pr\u00e9sentateurs et des &hellip; <\/p>\n<p class=\"link-more\"><a href=\"https:\/\/advantageav.com\/?page_id=840\" class=\"more-link\">Read more<span class=\"screen-reader-text\"> &#8220;RENCONTRES \/ CONF\u00c9RENCES&#8221;<\/span><\/a><\/p>\n","protected":false},"author":1,"featured_media":0,"parent":13,"menu_order":2,"comment_status":"closed","ping_status":"closed","template":"","meta":{"footnotes":""},"class_list":["post-840","page","type-page","status-publish","hentry"],"yoast_head":"<!-- This site is optimized with the Yoast SEO plugin v27.2 - https:\/\/yoast.com\/product\/yoast-seo-wordpress\/ -->\n<title>RENCONTRES \/ CONF\u00c9RENCES - advantageav.com<\/title>\n<meta name=\"description\" content=\"Solutions pour les conf\u00e9rences dans la r\u00e9gion d&#039;Ottawa, garantissant que nos clients b\u00e9n\u00e9ficient des avantages de l&#039;\u00e9quipement de qualit\u00e9.\" \/>\n<meta name=\"robots\" content=\"index, follow, max-snippet:-1, max-image-preview:large, max-video-preview:-1\" \/>\n<link rel=\"canonical\" href=\"https:\/\/advantageav.com\/?page_id=840\" \/>\n<meta property=\"og:locale\" content=\"en_US\" \/>\n<meta property=\"og:type\" content=\"article\" \/>\n<meta property=\"og:title\" content=\"RENCONTRES \/ CONF\u00c9RENCES - advantageav.com\" \/>\n<meta property=\"og:description\" content=\"Solutions pour les conf\u00e9rences dans la r\u00e9gion d&#039;Ottawa, garantissant que nos clients b\u00e9n\u00e9ficient des avantages de l&#039;\u00e9quipement de qualit\u00e9.\" \/>\n<meta property=\"og:url\" content=\"https:\/\/advantageav.com\/?page_id=840\" \/>\n<meta property=\"og:site_name\" content=\"advantageav.com\" \/>\n<meta property=\"article:modified_time\" content=\"2024-02-09T19:37:05+00:00\" \/>\n<meta property=\"og:image\" content=\"http:\/\/advantageav.ca\/wp-content\/uploads\/2024\/01\/PXL_20231019_112008484-1024x491.jpg\" \/>\n<meta name=\"twitter:card\" content=\"summary_large_image\" \/>\n<meta name=\"twitter:label1\" content=\"Est. reading time\" \/>\n\t<meta name=\"twitter:data1\" content=\"3 minutes\" \/>\n<script type=\"application\/ld+json\" class=\"yoast-schema-graph\">{\"@context\":\"https:\/\/schema.org\",\"@graph\":[{\"@type\":\"WebPage\",\"@id\":\"https:\/\/advantageav.com\/?page_id=840\",\"url\":\"https:\/\/advantageav.com\/?page_id=840\",\"name\":\"RENCONTRES \/ CONF\u00c9RENCES - advantageav.com\",\"isPartOf\":{\"@id\":\"https:\/\/advantageav.com\/#website\"},\"primaryImageOfPage\":{\"@id\":\"https:\/\/advantageav.com\/?page_id=840#primaryimage\"},\"image\":{\"@id\":\"https:\/\/advantageav.com\/?page_id=840#primaryimage\"},\"thumbnailUrl\":\"http:\/\/advantageav.ca\/wp-content\/uploads\/2024\/01\/PXL_20231019_112008484-1024x491.jpg\",\"datePublished\":\"2024-01-27T21:08:56+00:00\",\"dateModified\":\"2024-02-09T19:37:05+00:00\",\"description\":\"Solutions pour les conf\u00e9rences dans la r\u00e9gion d'Ottawa, garantissant que nos clients b\u00e9n\u00e9ficient des avantages de l'\u00e9quipement de qualit\u00e9.\",\"breadcrumb\":{\"@id\":\"https:\/\/advantageav.com\/?page_id=840#breadcrumb\"},\"inLanguage\":\"en\",\"potentialAction\":[{\"@type\":\"ReadAction\",\"target\":[\"https:\/\/advantageav.com\/?page_id=840\"]}]},{\"@type\":\"ImageObject\",\"inLanguage\":\"en\",\"@id\":\"https:\/\/advantageav.com\/?page_id=840#primaryimage\",\"url\":\"http:\/\/advantageav.ca\/wp-content\/uploads\/2024\/01\/PXL_20231019_112008484-1024x491.jpg\",\"contentUrl\":\"http:\/\/advantageav.ca\/wp-content\/uploads\/2024\/01\/PXL_20231019_112008484-1024x491.jpg\"},{\"@type\":\"BreadcrumbList\",\"@id\":\"https:\/\/advantageav.com\/?page_id=840#breadcrumb\",\"itemListElement\":[{\"@type\":\"ListItem\",\"position\":1,\"name\":\"Home\",\"item\":\"https:\/\/advantageav.com\/\"},{\"@type\":\"ListItem\",\"position\":2,\"name\":\"Comprehensive Audio Visual Solutions for Any Event\",\"item\":\"https:\/\/advantageav.com\/?page_id=13\"},{\"@type\":\"ListItem\",\"position\":3,\"name\":\"RENCONTRES \/ CONF\u00c9RENCES\"}]},{\"@type\":\"WebSite\",\"@id\":\"https:\/\/advantageav.com\/#website\",\"url\":\"https:\/\/advantageav.com\/\",\"name\":\"advantageav.com\",\"description\":\"advantageav.com\",\"publisher\":{\"@id\":\"https:\/\/advantageav.com\/#organization\"},\"potentialAction\":[{\"@type\":\"SearchAction\",\"target\":{\"@type\":\"EntryPoint\",\"urlTemplate\":\"https:\/\/advantageav.com\/?s={search_term_string}\"},\"query-input\":{\"@type\":\"PropertyValueSpecification\",\"valueRequired\":true,\"valueName\":\"search_term_string\"}}],\"inLanguage\":\"en\"},{\"@type\":\"Organization\",\"@id\":\"https:\/\/advantageav.com\/#organization\",\"name\":\"Advantage Audio Visual Rentals\",\"alternateName\":\"Advantage AV\",\"url\":\"https:\/\/advantageav.com\/\",\"logo\":{\"@type\":\"ImageObject\",\"inLanguage\":\"en\",\"@id\":\"https:\/\/advantageav.com\/#\/schema\/logo\/image\/\",\"url\":\"https:\/\/advantageav.com\/wp-content\/uploads\/2023\/12\/cropped-small-logo-MK-II.png\",\"contentUrl\":\"https:\/\/advantageav.com\/wp-content\/uploads\/2023\/12\/cropped-small-logo-MK-II.png\",\"width\":211,\"height\":60,\"caption\":\"Advantage Audio Visual Rentals\"},\"image\":{\"@id\":\"https:\/\/advantageav.com\/#\/schema\/logo\/image\/\"}}]}<\/script>\n<!-- \/ Yoast SEO plugin. -->","yoast_head_json":{"title":"RENCONTRES \/ CONF\u00c9RENCES - advantageav.com","description":"Solutions pour les conf\u00e9rences dans la r\u00e9gion d'Ottawa, garantissant que nos clients b\u00e9n\u00e9ficient des avantages de l'\u00e9quipement de qualit\u00e9.","robots":{"index":"index","follow":"follow","max-snippet":"max-snippet:-1","max-image-preview":"max-image-preview:large","max-video-preview":"max-video-preview:-1"},"canonical":"https:\/\/advantageav.com\/?page_id=840","og_locale":"en_US","og_type":"article","og_title":"RENCONTRES \/ CONF\u00c9RENCES - advantageav.com","og_description":"Solutions pour les conf\u00e9rences dans la r\u00e9gion d'Ottawa, garantissant que nos clients b\u00e9n\u00e9ficient des avantages de l'\u00e9quipement de qualit\u00e9.","og_url":"https:\/\/advantageav.com\/?page_id=840","og_site_name":"advantageav.com","article_modified_time":"2024-02-09T19:37:05+00:00","og_image":[{"url":"http:\/\/advantageav.ca\/wp-content\/uploads\/2024\/01\/PXL_20231019_112008484-1024x491.jpg","type":"","width":"","height":""}],"twitter_card":"summary_large_image","twitter_misc":{"Est. reading time":"3 minutes"},"schema":{"@context":"https:\/\/schema.org","@graph":[{"@type":"WebPage","@id":"https:\/\/advantageav.com\/?page_id=840","url":"https:\/\/advantageav.com\/?page_id=840","name":"RENCONTRES \/ CONF\u00c9RENCES - advantageav.com","isPartOf":{"@id":"https:\/\/advantageav.com\/#website"},"primaryImageOfPage":{"@id":"https:\/\/advantageav.com\/?page_id=840#primaryimage"},"image":{"@id":"https:\/\/advantageav.com\/?page_id=840#primaryimage"},"thumbnailUrl":"http:\/\/advantageav.ca\/wp-content\/uploads\/2024\/01\/PXL_20231019_112008484-1024x491.jpg","datePublished":"2024-01-27T21:08:56+00:00","dateModified":"2024-02-09T19:37:05+00:00","description":"Solutions pour les conf\u00e9rences dans la r\u00e9gion d'Ottawa, garantissant que nos clients b\u00e9n\u00e9ficient des avantages de l'\u00e9quipement de qualit\u00e9.","breadcrumb":{"@id":"https:\/\/advantageav.com\/?page_id=840#breadcrumb"},"inLanguage":"en","potentialAction":[{"@type":"ReadAction","target":["https:\/\/advantageav.com\/?page_id=840"]}]},{"@type":"ImageObject","inLanguage":"en","@id":"https:\/\/advantageav.com\/?page_id=840#primaryimage","url":"http:\/\/advantageav.ca\/wp-content\/uploads\/2024\/01\/PXL_20231019_112008484-1024x491.jpg","contentUrl":"http:\/\/advantageav.ca\/wp-content\/uploads\/2024\/01\/PXL_20231019_112008484-1024x491.jpg"},{"@type":"BreadcrumbList","@id":"https:\/\/advantageav.com\/?page_id=840#breadcrumb","itemListElement":[{"@type":"ListItem","position":1,"name":"Home","item":"https:\/\/advantageav.com\/"},{"@type":"ListItem","position":2,"name":"Comprehensive Audio Visual Solutions for Any Event","item":"https:\/\/advantageav.com\/?page_id=13"},{"@type":"ListItem","position":3,"name":"RENCONTRES \/ CONF\u00c9RENCES"}]},{"@type":"WebSite","@id":"https:\/\/advantageav.com\/#website","url":"https:\/\/advantageav.com\/","name":"advantageav.com","description":"advantageav.com","publisher":{"@id":"https:\/\/advantageav.com\/#organization"},"potentialAction":[{"@type":"SearchAction","target":{"@type":"EntryPoint","urlTemplate":"https:\/\/advantageav.com\/?s={search_term_string}"},"query-input":{"@type":"PropertyValueSpecification","valueRequired":true,"valueName":"search_term_string"}}],"inLanguage":"en"},{"@type":"Organization","@id":"https:\/\/advantageav.com\/#organization","name":"Advantage Audio Visual Rentals","alternateName":"Advantage AV","url":"https:\/\/advantageav.com\/","logo":{"@type":"ImageObject","inLanguage":"en","@id":"https:\/\/advantageav.com\/#\/schema\/logo\/image\/","url":"https:\/\/advantageav.com\/wp-content\/uploads\/2023\/12\/cropped-small-logo-MK-II.png","contentUrl":"https:\/\/advantageav.com\/wp-content\/uploads\/2023\/12\/cropped-small-logo-MK-II.png","width":211,"height":60,"caption":"Advantage Audio Visual Rentals"},"image":{"@id":"https:\/\/advantageav.com\/#\/schema\/logo\/image\/"}}]}},"publishpress_future_action":{"enabled":false,"date":"2026-04-25 00:40:22","action":"change-status","newStatus":"draft","terms":[],"taxonomy":"","extraData":[]},"publishpress_future_workflow_manual_trigger":{"enabledWorkflows":[]},"_links":{"self":[{"href":"https:\/\/advantageav.com\/index.php?rest_route=\/wp\/v2\/pages\/840","targetHints":{"allow":["GET"]}}],"collection":[{"href":"https:\/\/advantageav.com\/index.php?rest_route=\/wp\/v2\/pages"}],"about":[{"href":"https:\/\/advantageav.com\/index.php?rest_route=\/wp\/v2\/types\/page"}],"author":[{"embeddable":true,"href":"https:\/\/advantageav.com\/index.php?rest_route=\/wp\/v2\/users\/1"}],"replies":[{"embeddable":true,"href":"https:\/\/advantageav.com\/index.php?rest_route=%2Fwp%2Fv2%2Fcomments&post=840"}],"version-history":[{"count":5,"href":"https:\/\/advantageav.com\/index.php?rest_route=\/wp\/v2\/pages\/840\/revisions"}],"predecessor-version":[{"id":926,"href":"https:\/\/advantageav.com\/index.php?rest_route=\/wp\/v2\/pages\/840\/revisions\/926"}],"up":[{"embeddable":true,"href":"https:\/\/advantageav.com\/index.php?rest_route=\/wp\/v2\/pages\/13"}],"wp:attachment":[{"href":"https:\/\/advantageav.com\/index.php?rest_route=%2Fwp%2Fv2%2Fmedia&parent=840"}],"curies":[{"name":"wp","href":"https:\/\/api.w.org\/{rel}","templated":true}]}}