{"id":842,"date":"2024-01-27T21:09:42","date_gmt":"2024-01-27T21:09:42","guid":{"rendered":"https:\/\/advantageav.com\/?page_id=842"},"modified":"2024-02-09T19:45:41","modified_gmt":"2024-02-09T19:45:41","slug":"trade-show-2","status":"publish","type":"page","link":"https:\/\/advantageav.com\/?page_id=842","title":{"rendered":"SALONS PROFESSIONNELS \/ SERVICES \u00c9LECTRIQUES"},"content":{"rendered":"\n\n\n\n<h3 class=\"wp-block-heading\"><strong>SALONS PROFESSIONNELS \/ SERVICES \u00c9LECTRIQUES<\/strong><\/h3>\n\n\n\n<div class=\"wp-block-columns is-layout-flex wp-container-core-columns-is-layout-28f84493 wp-block-columns-is-layout-flex\">\n<div class=\"wp-block-column is-layout-flow wp-block-column-is-layout-flow\">\n<p>Les salons professionnels sont des \u00e9v\u00e9nements dynamiques qui rassemblent des entreprises, des professionnels et des consommateurs pour pr\u00e9senter et explorer les derniers produits et services d&#8217;un secteur sp\u00e9cifique. Ces \u00e9v\u00e9nements constituent des plateformes inestimables pour le r\u00e9seautage, le d\u00e9veloppement des affaires et l&#8217;exposition au march\u00e9. Pour que les participants b\u00e9n\u00e9ficient d&#8217;une exp\u00e9rience sans faille et organis\u00e9e, les salons professionnels s&#8217;appuient souvent sur divers \u00e9l\u00e9ments, notamment des services \u00e9lectriques et des kiosques d&#8217;inscription.<\/p>\n<\/div>\n\n\n\n<div class=\"wp-block-column is-layout-flow wp-block-column-is-layout-flow\">\n<\/div>\n<\/div>\n\n\n\n<p><\/p>\n\n\n\n<figure class=\"wp-block-image alignwide size-large\"><img loading=\"lazy\" decoding=\"async\" width=\"1024\" height=\"5\" src=\"http:\/\/advantageav.ca\/wp-content\/uploads\/2023\/12\/Bar-MK-II-1024x5.jpg\" alt=\"\" class=\"wp-image-316\" srcset=\"https:\/\/advantageav.com\/wp-content\/uploads\/2023\/12\/Bar-MK-II-1024x5.jpg 1024w, https:\/\/advantageav.com\/wp-content\/uploads\/2023\/12\/Bar-MK-II-300x2.jpg 300w, https:\/\/advantageav.com\/wp-content\/uploads\/2023\/12\/Bar-MK-II.jpg 1312w\" sizes=\"auto, (max-width: 1024px) 100vw, 1024px\" \/><\/figure>\n\n\n\n<h3 class=\"wp-block-heading\"><strong>Services \u00e9lectriques<\/strong>:<\/h3>\n\n\n\n<p>FPour les salons professionnels, il est essentiel de garantir des op\u00e9rations sans faille et une exp\u00e9rience d&#8217;exposition attrayante. Ces services sp\u00e9cialis\u00e9s comprennent l&#8217;installation de syst\u00e8mes \u00e9lectriques temporaires et la distribution d&#8217;\u00e9nergie adapt\u00e9e aux exigences uniques des kiosques et des expositions. Les \u00e9lectriciens exp\u00e9riment\u00e9s d&#8217;Advantage AV jouent un r\u00f4le crucial dans la gestion en toute s\u00e9curit\u00e9 des besoins \u00e9lectriques des exposants, y compris le c\u00e2blage, l&#8217;acc\u00e8s \u00e0 l&#8217;\u00e9lectricit\u00e9 et la connectivit\u00e9 des \u00e9quipements. Ces services contribuent non seulement \u00e0 l&#8217;attrait esth\u00e9tique des kiosques, mais garantissent \u00e9galement une infrastructure \u00e9lectrique fiable et s\u00e9curis\u00e9e, permettant aux exposants de pr\u00e9senter leurs produits et services de mani\u00e8re efficace tout en offrant un environnement s\u00fbr aux participants.<\/p>\n\n\n\n<figure class=\"wp-block-image alignwide size-large\"><img loading=\"lazy\" decoding=\"async\" width=\"1024\" height=\"5\" src=\"http:\/\/advantageav.ca\/wp-content\/uploads\/2023\/12\/Bar-MK-II-1024x5.jpg\" alt=\"\" class=\"wp-image-316\" srcset=\"https:\/\/advantageav.com\/wp-content\/uploads\/2023\/12\/Bar-MK-II-1024x5.jpg 1024w, https:\/\/advantageav.com\/wp-content\/uploads\/2023\/12\/Bar-MK-II-300x2.jpg 300w, https:\/\/advantageav.com\/wp-content\/uploads\/2023\/12\/Bar-MK-II.jpg 1312w\" sizes=\"auto, (max-width: 1024px) 100vw, 1024px\" \/><\/figure>\n\n\n\n<h3 class=\"wp-block-heading\"><strong>Kiosques d&#8217;inscription aux salons professionnels<\/strong><\/h3>\n\n\n\n<p>Il s&#8217;agit du point d&#8217;entr\u00e9e des participants, ce qui permet de rationaliser la logistique de l&#8217;\u00e9v\u00e9nement. Tenus par un personnel efficace, ces kiosques facilitent le processus d&#8217;inscription en fournissant des badges, du mat\u00e9riel pour l&#8217;\u00e9v\u00e9nement et des informations essentielles. L&#8217;int\u00e9gration de la technologie permet un enregistrement rapide et am\u00e9liore l&#8217;efficacit\u00e9 globale. En outre, ces kiosques servent souvent de centres d&#8217;information, aidant les participants \u00e0 r\u00e9pondre \u00e0 leurs questions et leur offrant des conseils. Advantage Audio Visual Rentals propose des produits imprim\u00e9s personnalis\u00e9s pour votre stand d&#8217;inscription afin de cr\u00e9er une premi\u00e8re impression positive, donnant le ton d&#8217;une exp\u00e9rience de salon r\u00e9ussie et bien organis\u00e9e.<\/p>\n\n\n\n<figure class=\"wp-block-image alignwide size-large\"><img loading=\"lazy\" decoding=\"async\" width=\"1024\" height=\"5\" src=\"http:\/\/advantageav.ca\/wp-content\/uploads\/2023\/12\/Bar-MK-II-1024x5.jpg\" alt=\"\" class=\"wp-image-316\" srcset=\"https:\/\/advantageav.com\/wp-content\/uploads\/2023\/12\/Bar-MK-II-1024x5.jpg 1024w, https:\/\/advantageav.com\/wp-content\/uploads\/2023\/12\/Bar-MK-II-300x2.jpg 300w, https:\/\/advantageav.com\/wp-content\/uploads\/2023\/12\/Bar-MK-II.jpg 1312w\" sizes=\"auto, (max-width: 1024px) 100vw, 1024px\" \/><\/figure>\n\n\n\n<p>Notre \u00e9quipe poss\u00e8de une connaissance et une exp\u00e9rience approfondies des salons professionnels et n&#8217;a qu&#8217;un seul objectif en t\u00eate : la r\u00e9ussite de votre \u00e9v\u00e9nement ! Jusqu&#8217;\u00e0 la fin de votre \u00e9v\u00e9nement, nous travaillerons avec vous pour trouver une solution et vous offrirons une assistance technique sur place par l&#8217;un de nos repr\u00e9sentants exp\u00e9riment\u00e9s.<\/p>\n\n\n\n<p>To lePour en savoir plus sur nos services de salons professionnels, veuillez <a href=\"https:\/\/advantageav.com\/?page_id=831\">CLIQUER ICI<\/a>.<\/p>\n\n\n\n","protected":false},"excerpt":{"rendered":"<p>SALONS PROFESSIONNELS \/ SERVICES \u00c9LECTRIQUES Les salons professionnels sont des \u00e9v\u00e9nements dynamiques qui rassemblent des entreprises, des professionnels et des consommateurs pour pr\u00e9senter et explorer les derniers produits et services d&#8217;un secteur sp\u00e9cifique. Ces \u00e9v\u00e9nements constituent des plateformes inestimables pour le r\u00e9seautage, le d\u00e9veloppement des affaires et l&#8217;exposition au march\u00e9. Pour que les participants b\u00e9n\u00e9ficient &hellip; <\/p>\n<p class=\"link-more\"><a href=\"https:\/\/advantageav.com\/?page_id=842\" class=\"more-link\">Read more<span class=\"screen-reader-text\"> &#8220;SALONS PROFESSIONNELS \/ SERVICES \u00c9LECTRIQUES&#8221;<\/span><\/a><\/p>\n","protected":false},"author":1,"featured_media":0,"parent":13,"menu_order":2,"comment_status":"closed","ping_status":"closed","template":"","meta":{"footnotes":""},"class_list":["post-842","page","type-page","status-publish","hentry"],"yoast_head":"<!-- This site is optimized with the Yoast SEO plugin v27.2 - https:\/\/yoast.com\/product\/yoast-seo-wordpress\/ -->\n<title>SALONS PROFESSIONNELS \/ SERVICES \u00c9LECTRIQUES - advantageav.com<\/title>\n<meta name=\"description\" content=\"Offrant des solutions pour les salons professionnels dans la r\u00e9gion d\u2019Ottawa. De l&#039;inscription aux kiosques, Advantage AV est pr\u00eat.\" \/>\n<meta name=\"robots\" content=\"index, follow, max-snippet:-1, max-image-preview:large, max-video-preview:-1\" \/>\n<link rel=\"canonical\" href=\"https:\/\/advantageav.com\/?page_id=842\" \/>\n<meta property=\"og:locale\" content=\"en_US\" \/>\n<meta property=\"og:type\" content=\"article\" \/>\n<meta property=\"og:title\" content=\"SALONS PROFESSIONNELS \/ SERVICES \u00c9LECTRIQUES - advantageav.com\" \/>\n<meta property=\"og:description\" content=\"Offrant des solutions pour les salons professionnels dans la r\u00e9gion d\u2019Ottawa. De l&#039;inscription aux kiosques, Advantage AV est pr\u00eat.\" \/>\n<meta property=\"og:url\" content=\"https:\/\/advantageav.com\/?page_id=842\" \/>\n<meta property=\"og:site_name\" content=\"advantageav.com\" \/>\n<meta property=\"article:modified_time\" content=\"2024-02-09T19:45:41+00:00\" \/>\n<meta property=\"og:image\" content=\"http:\/\/advantageav.ca\/wp-content\/uploads\/2023\/12\/Bar-MK-II-1024x5.jpg\" \/>\n<meta name=\"twitter:card\" content=\"summary_large_image\" \/>\n<meta name=\"twitter:label1\" content=\"Est. reading time\" \/>\n\t<meta name=\"twitter:data1\" content=\"3 minutes\" \/>\n<script type=\"application\/ld+json\" class=\"yoast-schema-graph\">{\"@context\":\"https:\/\/schema.org\",\"@graph\":[{\"@type\":\"WebPage\",\"@id\":\"https:\/\/advantageav.com\/?page_id=842\",\"url\":\"https:\/\/advantageav.com\/?page_id=842\",\"name\":\"SALONS PROFESSIONNELS \/ SERVICES \u00c9LECTRIQUES - advantageav.com\",\"isPartOf\":{\"@id\":\"https:\/\/advantageav.com\/#website\"},\"primaryImageOfPage\":{\"@id\":\"https:\/\/advantageav.com\/?page_id=842#primaryimage\"},\"image\":{\"@id\":\"https:\/\/advantageav.com\/?page_id=842#primaryimage\"},\"thumbnailUrl\":\"http:\/\/advantageav.ca\/wp-content\/uploads\/2023\/12\/Bar-MK-II-1024x5.jpg\",\"datePublished\":\"2024-01-27T21:09:42+00:00\",\"dateModified\":\"2024-02-09T19:45:41+00:00\",\"description\":\"Offrant des solutions pour les salons professionnels dans la r\u00e9gion d\u2019Ottawa. De l'inscription aux kiosques, Advantage AV est pr\u00eat.\",\"breadcrumb\":{\"@id\":\"https:\/\/advantageav.com\/?page_id=842#breadcrumb\"},\"inLanguage\":\"en\",\"potentialAction\":[{\"@type\":\"ReadAction\",\"target\":[\"https:\/\/advantageav.com\/?page_id=842\"]}]},{\"@type\":\"ImageObject\",\"inLanguage\":\"en\",\"@id\":\"https:\/\/advantageav.com\/?page_id=842#primaryimage\",\"url\":\"http:\/\/advantageav.ca\/wp-content\/uploads\/2023\/12\/Bar-MK-II-1024x5.jpg\",\"contentUrl\":\"http:\/\/advantageav.ca\/wp-content\/uploads\/2023\/12\/Bar-MK-II-1024x5.jpg\"},{\"@type\":\"BreadcrumbList\",\"@id\":\"https:\/\/advantageav.com\/?page_id=842#breadcrumb\",\"itemListElement\":[{\"@type\":\"ListItem\",\"position\":1,\"name\":\"Home\",\"item\":\"https:\/\/advantageav.com\/\"},{\"@type\":\"ListItem\",\"position\":2,\"name\":\"Comprehensive Audio Visual Solutions for Any Event\",\"item\":\"https:\/\/advantageav.com\/?page_id=13\"},{\"@type\":\"ListItem\",\"position\":3,\"name\":\"SALONS PROFESSIONNELS \/ SERVICES \u00c9LECTRIQUES\"}]},{\"@type\":\"WebSite\",\"@id\":\"https:\/\/advantageav.com\/#website\",\"url\":\"https:\/\/advantageav.com\/\",\"name\":\"advantageav.com\",\"description\":\"advantageav.com\",\"publisher\":{\"@id\":\"https:\/\/advantageav.com\/#organization\"},\"potentialAction\":[{\"@type\":\"SearchAction\",\"target\":{\"@type\":\"EntryPoint\",\"urlTemplate\":\"https:\/\/advantageav.com\/?s={search_term_string}\"},\"query-input\":{\"@type\":\"PropertyValueSpecification\",\"valueRequired\":true,\"valueName\":\"search_term_string\"}}],\"inLanguage\":\"en\"},{\"@type\":\"Organization\",\"@id\":\"https:\/\/advantageav.com\/#organization\",\"name\":\"Advantage Audio Visual Rentals\",\"alternateName\":\"Advantage AV\",\"url\":\"https:\/\/advantageav.com\/\",\"logo\":{\"@type\":\"ImageObject\",\"inLanguage\":\"en\",\"@id\":\"https:\/\/advantageav.com\/#\/schema\/logo\/image\/\",\"url\":\"https:\/\/advantageav.com\/wp-content\/uploads\/2023\/12\/cropped-small-logo-MK-II.png\",\"contentUrl\":\"https:\/\/advantageav.com\/wp-content\/uploads\/2023\/12\/cropped-small-logo-MK-II.png\",\"width\":211,\"height\":60,\"caption\":\"Advantage Audio Visual Rentals\"},\"image\":{\"@id\":\"https:\/\/advantageav.com\/#\/schema\/logo\/image\/\"}}]}<\/script>\n<!-- \/ Yoast SEO plugin. -->","yoast_head_json":{"title":"SALONS PROFESSIONNELS \/ SERVICES \u00c9LECTRIQUES - advantageav.com","description":"Offrant des solutions pour les salons professionnels dans la r\u00e9gion d\u2019Ottawa. De l'inscription aux kiosques, Advantage AV est pr\u00eat.","robots":{"index":"index","follow":"follow","max-snippet":"max-snippet:-1","max-image-preview":"max-image-preview:large","max-video-preview":"max-video-preview:-1"},"canonical":"https:\/\/advantageav.com\/?page_id=842","og_locale":"en_US","og_type":"article","og_title":"SALONS PROFESSIONNELS \/ SERVICES \u00c9LECTRIQUES - advantageav.com","og_description":"Offrant des solutions pour les salons professionnels dans la r\u00e9gion d\u2019Ottawa. De l'inscription aux kiosques, Advantage AV est pr\u00eat.","og_url":"https:\/\/advantageav.com\/?page_id=842","og_site_name":"advantageav.com","article_modified_time":"2024-02-09T19:45:41+00:00","og_image":[{"url":"http:\/\/advantageav.ca\/wp-content\/uploads\/2023\/12\/Bar-MK-II-1024x5.jpg","type":"","width":"","height":""}],"twitter_card":"summary_large_image","twitter_misc":{"Est. reading time":"3 minutes"},"schema":{"@context":"https:\/\/schema.org","@graph":[{"@type":"WebPage","@id":"https:\/\/advantageav.com\/?page_id=842","url":"https:\/\/advantageav.com\/?page_id=842","name":"SALONS PROFESSIONNELS \/ SERVICES \u00c9LECTRIQUES - advantageav.com","isPartOf":{"@id":"https:\/\/advantageav.com\/#website"},"primaryImageOfPage":{"@id":"https:\/\/advantageav.com\/?page_id=842#primaryimage"},"image":{"@id":"https:\/\/advantageav.com\/?page_id=842#primaryimage"},"thumbnailUrl":"http:\/\/advantageav.ca\/wp-content\/uploads\/2023\/12\/Bar-MK-II-1024x5.jpg","datePublished":"2024-01-27T21:09:42+00:00","dateModified":"2024-02-09T19:45:41+00:00","description":"Offrant des solutions pour les salons professionnels dans la r\u00e9gion d\u2019Ottawa. De l'inscription aux kiosques, Advantage AV est pr\u00eat.","breadcrumb":{"@id":"https:\/\/advantageav.com\/?page_id=842#breadcrumb"},"inLanguage":"en","potentialAction":[{"@type":"ReadAction","target":["https:\/\/advantageav.com\/?page_id=842"]}]},{"@type":"ImageObject","inLanguage":"en","@id":"https:\/\/advantageav.com\/?page_id=842#primaryimage","url":"http:\/\/advantageav.ca\/wp-content\/uploads\/2023\/12\/Bar-MK-II-1024x5.jpg","contentUrl":"http:\/\/advantageav.ca\/wp-content\/uploads\/2023\/12\/Bar-MK-II-1024x5.jpg"},{"@type":"BreadcrumbList","@id":"https:\/\/advantageav.com\/?page_id=842#breadcrumb","itemListElement":[{"@type":"ListItem","position":1,"name":"Home","item":"https:\/\/advantageav.com\/"},{"@type":"ListItem","position":2,"name":"Comprehensive Audio Visual Solutions for Any Event","item":"https:\/\/advantageav.com\/?page_id=13"},{"@type":"ListItem","position":3,"name":"SALONS PROFESSIONNELS \/ SERVICES \u00c9LECTRIQUES"}]},{"@type":"WebSite","@id":"https:\/\/advantageav.com\/#website","url":"https:\/\/advantageav.com\/","name":"advantageav.com","description":"advantageav.com","publisher":{"@id":"https:\/\/advantageav.com\/#organization"},"potentialAction":[{"@type":"SearchAction","target":{"@type":"EntryPoint","urlTemplate":"https:\/\/advantageav.com\/?s={search_term_string}"},"query-input":{"@type":"PropertyValueSpecification","valueRequired":true,"valueName":"search_term_string"}}],"inLanguage":"en"},{"@type":"Organization","@id":"https:\/\/advantageav.com\/#organization","name":"Advantage Audio Visual Rentals","alternateName":"Advantage AV","url":"https:\/\/advantageav.com\/","logo":{"@type":"ImageObject","inLanguage":"en","@id":"https:\/\/advantageav.com\/#\/schema\/logo\/image\/","url":"https:\/\/advantageav.com\/wp-content\/uploads\/2023\/12\/cropped-small-logo-MK-II.png","contentUrl":"https:\/\/advantageav.com\/wp-content\/uploads\/2023\/12\/cropped-small-logo-MK-II.png","width":211,"height":60,"caption":"Advantage Audio Visual Rentals"},"image":{"@id":"https:\/\/advantageav.com\/#\/schema\/logo\/image\/"}}]}},"publishpress_future_action":{"enabled":false,"date":"2026-04-25 02:16:31","action":"change-status","newStatus":"draft","terms":[],"taxonomy":"","extraData":[]},"publishpress_future_workflow_manual_trigger":{"enabledWorkflows":[]},"_links":{"self":[{"href":"https:\/\/advantageav.com\/index.php?rest_route=\/wp\/v2\/pages\/842","targetHints":{"allow":["GET"]}}],"collection":[{"href":"https:\/\/advantageav.com\/index.php?rest_route=\/wp\/v2\/pages"}],"about":[{"href":"https:\/\/advantageav.com\/index.php?rest_route=\/wp\/v2\/types\/page"}],"author":[{"embeddable":true,"href":"https:\/\/advantageav.com\/index.php?rest_route=\/wp\/v2\/users\/1"}],"replies":[{"embeddable":true,"href":"https:\/\/advantageav.com\/index.php?rest_route=%2Fwp%2Fv2%2Fcomments&post=842"}],"version-history":[{"count":5,"href":"https:\/\/advantageav.com\/index.php?rest_route=\/wp\/v2\/pages\/842\/revisions"}],"predecessor-version":[{"id":928,"href":"https:\/\/advantageav.com\/index.php?rest_route=\/wp\/v2\/pages\/842\/revisions\/928"}],"up":[{"embeddable":true,"href":"https:\/\/advantageav.com\/index.php?rest_route=\/wp\/v2\/pages\/13"}],"wp:attachment":[{"href":"https:\/\/advantageav.com\/index.php?rest_route=%2Fwp%2Fv2%2Fmedia&parent=842"}],"curies":[{"name":"wp","href":"https:\/\/api.w.org\/{rel}","templated":true}]}}