{"id":844,"date":"2024-01-27T21:10:32","date_gmt":"2024-01-27T21:10:32","guid":{"rendered":"https:\/\/advantageav.com\/?page_id=844"},"modified":"2024-02-09T19:54:49","modified_gmt":"2024-02-09T19:54:49","slug":"conseils-dadministration","status":"publish","type":"page","link":"https:\/\/advantageav.com\/?page_id=844","title":{"rendered":"SALLE DE CONF\u00c9RENCE"},"content":{"rendered":"\n\n\n\n<h3 class=\"wp-block-heading\"><strong>R\u00e9unions de conseils d\u2019administration<\/strong><\/h3>\n\n\n\n<div class=\"wp-block-columns is-layout-flex wp-container-core-columns-is-layout-28f84493 wp-block-columns-is-layout-flex\">\n<div class=\"wp-block-column is-layout-flow wp-block-column-is-layout-flow\" style=\"flex-basis:100%\">\n<div class=\"wp-block-columns is-layout-flex wp-container-core-columns-is-layout-28f84493 wp-block-columns-is-layout-flex\">\n<div class=\"wp-block-column is-layout-flow wp-block-column-is-layout-flow\" style=\"flex-basis:50%\">\n<p>Dans le monde des affaires moderne, l&#8217;\u00e9quipement audiovisuel est devenu une composante essentielle des r\u00e9unions de conseils d&#8217;administration, am\u00e9liorant la communication, la collaboration et le processus de prise de d\u00e9cision. Les solutions audiovisuelles contribuent \u00e0 rendre l&#8217;environnement de la r\u00e9union plus dynamique et plus interactif, en permettant des pr\u00e9sentations transparentes, une communication efficace et l&#8217;engagement des membres du conseil.<\/p>\n\n\n\n<p><\/p>\n<\/div>\n\n\n\n<div class=\"wp-block-column is-layout-flow wp-block-column-is-layout-flow\" style=\"flex-basis:50%\">\n<\/div>\n<\/div>\n<\/div>\n<\/div>\n\n\n\n<figure class=\"wp-block-image alignwide size-large\"><img loading=\"lazy\" decoding=\"async\" width=\"1024\" height=\"5\" src=\"http:\/\/advantageav.ca\/wp-content\/uploads\/2023\/12\/Bar-MK-II-1024x5.jpg\" alt=\"\" class=\"wp-image-316\" srcset=\"https:\/\/advantageav.com\/wp-content\/uploads\/2023\/12\/Bar-MK-II-1024x5.jpg 1024w, https:\/\/advantageav.com\/wp-content\/uploads\/2023\/12\/Bar-MK-II-300x2.jpg 300w, https:\/\/advantageav.com\/wp-content\/uploads\/2023\/12\/Bar-MK-II.jpg 1312w\" sizes=\"auto, (max-width: 1024px) 100vw, 1024px\" \/><\/figure>\n\n\n\n<p>Click on each section to learn more about how Advantage AV can help you.Cliquez sur chaque section pour en savoir plus sur la mani\u00e8re dont Advantage AV peut vous aider.<\/p>\n\n\n\n<details class=\"wp-block-details is-layout-flow wp-container-core-details-is-layout-8a368f38 wp-block-details-is-layout-flow\" style=\"border-style:none;border-width:0px\"><summary>Technologie de pr\u00e9sentation:<\/summary>\n<p>Les projecteurs de haute qualit\u00e9 et les grands \u00e9crans sont souvent utilis\u00e9s pour des pr\u00e9sentations convaincantes. Ils permettent aux membres du conseil d&#8217;administration de consulter des rapports d\u00e9taill\u00e9s, des donn\u00e9es financi\u00e8res et des plans strat\u00e9giques avec clart\u00e9.<\/p>\n<\/details>\n\n\n\n<details class=\"wp-block-details is-layout-flow wp-block-details-is-layout-flow\"><summary>Vid\u00e9oconf\u00e9rences<\/summary>\n<p>La technologie de la vid\u00e9oconf\u00e9rence facilite la participation virtuelle aux r\u00e9unions de conseils d&#8217;administration. Les membres du conseil qui ne sont pas en mesure d&#8217;y assister en personne peuvent s&#8217;y joindre \u00e0 distance, contribuer aux discussions, visionner les pr\u00e9sentations et participer au processus de prise de d\u00e9cision. Cette inclusion est cruciale pour les organisations dont les membres sont g\u00e9ographiquement dispers\u00e9s.<\/p>\n\n\n\n<details class=\"wp-block-details is-layout-flow wp-block-details-is-layout-flow\"><summary>Details<\/summary>\n<p><\/p>\n<\/details>\n<\/details>\n\n\n\n<details class=\"wp-block-details is-layout-flow wp-block-details-is-layout-flow\"><summary>Syst\u00e8mes audio:<\/summary>\n<p>Advanced PA systems ensure clear and crisp communication within the boardroom. High-quality microphones, speakers, and audio processing technologies help eliminate background noise, ensuring that every participant, whether in person or remote, can be heard effectively.Des syst\u00e8mes de sonorisation avanc\u00e9s garantissent une communication claire et nette dans la salle de conf\u00e9rence. Des microphones, des haut-parleurs et des technologies de contr\u00f4le audio de haute qualit\u00e9 permettent d&#8217;\u00e9liminer les bruits de fond, garantissant que chaque participant, qu&#8217;il soit en personne ou \u00e0 distance, puisse \u00eatre entendu efficacement.<\/p>\n<\/details>\n\n\n\n<details class=\"wp-block-details is-layout-flow wp-block-details-is-layout-flow\"><summary>Cam\u00e9ras de visualisation de documents:<\/summary>\n<p>Les cam\u00e9ras de visualisation de documents sont utilis\u00e9es pour afficher des documents physiques ou des objets pendant les rencontres. Cela peut \u00eatre particuli\u00e8rement utile pour examiner des documents imprim\u00e9s, des contrats ou des prototypes de produits sans qu&#8217;il soit n\u00e9cessaire de les distribuer physiquement.<\/p>\n<\/details>\n\n\n\n<details class=\"wp-block-details is-layout-flow wp-block-details-is-layout-flow\"><summary>R\u00e9ponse de l&#8217;auditoire \/ Syst\u00e8mes de vote:<\/summary>\n<p>\u00e0 venir<\/p>\n<\/details>\n\n\n\n<details class=\"wp-block-details is-layout-flow wp-block-details-is-layout-flow\"><summary>Syst\u00e8mes de contr\u00f4le audiovisuel:<\/summary>\n<p>Les syst\u00e8mes de contr\u00f4le AV centralis\u00e9s simplifient le fonctionnement des diff\u00e9rents composants audiovisuels dans la salle de conf\u00e9rence. Ils permettent notamment de g\u00e9rer l&#8217;\u00e9clairage, les niveaux audio, les sources vid\u00e9o (\u00e9quipement de vid\u00e9oconf\u00e9rence, ordinateurs portables, projecteurs, etc.) et d&#8217;autres \u00e9quipements audiovisuels \u00e0 partir d&#8217;une interface unique, ce qui am\u00e9liore l&#8217;efficacit\u00e9 globale de la rencontre.<\/p>\n<\/details>\n\n\n\n<details class=\"wp-block-details is-layout-flow wp-block-details-is-layout-flow\"><summary>Enregistrement et archivage:<\/summary>\n<p>Les r\u00e9unions de conseils d&#8217;administration sont souvent enregistr\u00e9es \u00e0 des fins de documentation, de conformit\u00e9 ou de formation. L&#8217;\u00e9quipement audiovisuel permet d&#8217;enregistrer de mani\u00e8re continue les discussions (que ce soit sur la plateforme virtuelle d&#8217;un client ou sur un \u00e9quipement sp\u00e9cialis\u00e9), les pr\u00e9sentations et les d\u00e9cisions, fournissant ainsi un relev\u00e9 pr\u00e9cis de l&#8217;historique de la rencontre.<\/p>\n<\/details>\n\n\n\n<p><\/p>\n\n\n\n<figure class=\"wp-block-image alignwide size-large\"><img loading=\"lazy\" decoding=\"async\" width=\"1024\" height=\"5\" src=\"http:\/\/advantageav.ca\/wp-content\/uploads\/2023\/12\/Bar-MK-II-1024x5.jpg\" alt=\"\" class=\"wp-image-316\" srcset=\"https:\/\/advantageav.com\/wp-content\/uploads\/2023\/12\/Bar-MK-II-1024x5.jpg 1024w, https:\/\/advantageav.com\/wp-content\/uploads\/2023\/12\/Bar-MK-II-300x2.jpg 300w, https:\/\/advantageav.com\/wp-content\/uploads\/2023\/12\/Bar-MK-II.jpg 1312w\" sizes=\"auto, (max-width: 1024px) 100vw, 1024px\" \/><\/figure>\n\n\n\n<p>L&#8217;int\u00e9gration d&#8217;un \u00e9quipement audiovisuel dans votre r\u00e9union de conseil d&#8217;administration am\u00e9liore non seulement l&#8217;exp\u00e9rience globale, mais garantit \u00e9galement que les personnes pr\u00e9sentes peuvent analyser efficacement les informations et prendre des d\u00e9cisions \u00e9clair\u00e9es. Pour en savoir plus sur les options relatives aux r\u00e9unions de conseil d&#8217;administration ou pour obtenir un devis, veuillez <a href=\"https:\/\/advantageav.com\/?page_id=831\">CLIQUER ICI<\/a>.<\/p>\n\n\n\n","protected":false},"excerpt":{"rendered":"<p>R\u00e9unions de conseils d\u2019administration Dans le monde des affaires moderne, l&#8217;\u00e9quipement audiovisuel est devenu une composante essentielle des r\u00e9unions de conseils d&#8217;administration, am\u00e9liorant la communication, la collaboration et le processus de prise de d\u00e9cision. Les solutions audiovisuelles contribuent \u00e0 rendre l&#8217;environnement de la r\u00e9union plus dynamique et plus interactif, en permettant des pr\u00e9sentations transparentes, une &hellip; <\/p>\n<p class=\"link-more\"><a href=\"https:\/\/advantageav.com\/?page_id=844\" class=\"more-link\">Read more<span class=\"screen-reader-text\"> &#8220;SALLE DE CONF\u00c9RENCE&#8221;<\/span><\/a><\/p>\n","protected":false},"author":1,"featured_media":0,"parent":13,"menu_order":3,"comment_status":"closed","ping_status":"closed","template":"","meta":{"footnotes":""},"class_list":["post-844","page","type-page","status-publish","hentry"],"yoast_head":"<!-- This site is optimized with the Yoast SEO plugin v27.2 - https:\/\/yoast.com\/product\/yoast-seo-wordpress\/ -->\n<title>SALLE DE CONF\u00c9RENCE - advantageav.com<\/title>\n<meta name=\"robots\" content=\"index, follow, max-snippet:-1, max-image-preview:large, max-video-preview:-1\" \/>\n<link rel=\"canonical\" href=\"https:\/\/advantageav.com\/?page_id=844\" \/>\n<meta property=\"og:locale\" content=\"en_US\" \/>\n<meta property=\"og:type\" content=\"article\" \/>\n<meta property=\"og:title\" content=\"SALLE DE CONF\u00c9RENCE - advantageav.com\" \/>\n<meta property=\"og:description\" content=\"R\u00e9unions de conseils d\u2019administration Dans le monde des affaires moderne, l&#8217;\u00e9quipement audiovisuel est devenu une composante essentielle des r\u00e9unions de conseils d&#8217;administration, am\u00e9liorant la communication, la collaboration et le processus de prise de d\u00e9cision. Les solutions audiovisuelles contribuent \u00e0 rendre l&#8217;environnement de la r\u00e9union plus dynamique et plus interactif, en permettant des pr\u00e9sentations transparentes, une &hellip; Read more &quot;SALLE DE CONF\u00c9RENCE&quot;\" \/>\n<meta property=\"og:url\" content=\"https:\/\/advantageav.com\/?page_id=844\" \/>\n<meta property=\"og:site_name\" content=\"advantageav.com\" \/>\n<meta property=\"article:modified_time\" content=\"2024-02-09T19:54:49+00:00\" \/>\n<meta property=\"og:image\" content=\"http:\/\/advantageav.ca\/wp-content\/uploads\/2023\/12\/Bar-MK-II-1024x5.jpg\" \/>\n<meta name=\"twitter:card\" content=\"summary_large_image\" \/>\n<meta name=\"twitter:label1\" content=\"Est. reading time\" \/>\n\t<meta name=\"twitter:data1\" content=\"3 minutes\" \/>\n<script type=\"application\/ld+json\" class=\"yoast-schema-graph\">{\"@context\":\"https:\/\/schema.org\",\"@graph\":[{\"@type\":\"WebPage\",\"@id\":\"https:\/\/advantageav.com\/?page_id=844\",\"url\":\"https:\/\/advantageav.com\/?page_id=844\",\"name\":\"SALLE DE CONF\u00c9RENCE - advantageav.com\",\"isPartOf\":{\"@id\":\"https:\/\/advantageav.com\/#website\"},\"primaryImageOfPage\":{\"@id\":\"https:\/\/advantageav.com\/?page_id=844#primaryimage\"},\"image\":{\"@id\":\"https:\/\/advantageav.com\/?page_id=844#primaryimage\"},\"thumbnailUrl\":\"http:\/\/advantageav.ca\/wp-content\/uploads\/2023\/12\/Bar-MK-II-1024x5.jpg\",\"datePublished\":\"2024-01-27T21:10:32+00:00\",\"dateModified\":\"2024-02-09T19:54:49+00:00\",\"breadcrumb\":{\"@id\":\"https:\/\/advantageav.com\/?page_id=844#breadcrumb\"},\"inLanguage\":\"en\",\"potentialAction\":[{\"@type\":\"ReadAction\",\"target\":[\"https:\/\/advantageav.com\/?page_id=844\"]}]},{\"@type\":\"ImageObject\",\"inLanguage\":\"en\",\"@id\":\"https:\/\/advantageav.com\/?page_id=844#primaryimage\",\"url\":\"http:\/\/advantageav.ca\/wp-content\/uploads\/2023\/12\/Bar-MK-II-1024x5.jpg\",\"contentUrl\":\"http:\/\/advantageav.ca\/wp-content\/uploads\/2023\/12\/Bar-MK-II-1024x5.jpg\"},{\"@type\":\"BreadcrumbList\",\"@id\":\"https:\/\/advantageav.com\/?page_id=844#breadcrumb\",\"itemListElement\":[{\"@type\":\"ListItem\",\"position\":1,\"name\":\"Home\",\"item\":\"https:\/\/advantageav.com\/\"},{\"@type\":\"ListItem\",\"position\":2,\"name\":\"Comprehensive Audio Visual Solutions for Any Event\",\"item\":\"https:\/\/advantageav.com\/?page_id=13\"},{\"@type\":\"ListItem\",\"position\":3,\"name\":\"SALLE DE CONF\u00c9RENCE\"}]},{\"@type\":\"WebSite\",\"@id\":\"https:\/\/advantageav.com\/#website\",\"url\":\"https:\/\/advantageav.com\/\",\"name\":\"advantageav.com\",\"description\":\"advantageav.com\",\"publisher\":{\"@id\":\"https:\/\/advantageav.com\/#organization\"},\"potentialAction\":[{\"@type\":\"SearchAction\",\"target\":{\"@type\":\"EntryPoint\",\"urlTemplate\":\"https:\/\/advantageav.com\/?s={search_term_string}\"},\"query-input\":{\"@type\":\"PropertyValueSpecification\",\"valueRequired\":true,\"valueName\":\"search_term_string\"}}],\"inLanguage\":\"en\"},{\"@type\":\"Organization\",\"@id\":\"https:\/\/advantageav.com\/#organization\",\"name\":\"Advantage Audio Visual Rentals\",\"alternateName\":\"Advantage AV\",\"url\":\"https:\/\/advantageav.com\/\",\"logo\":{\"@type\":\"ImageObject\",\"inLanguage\":\"en\",\"@id\":\"https:\/\/advantageav.com\/#\/schema\/logo\/image\/\",\"url\":\"https:\/\/advantageav.com\/wp-content\/uploads\/2023\/12\/cropped-small-logo-MK-II.png\",\"contentUrl\":\"https:\/\/advantageav.com\/wp-content\/uploads\/2023\/12\/cropped-small-logo-MK-II.png\",\"width\":211,\"height\":60,\"caption\":\"Advantage Audio Visual Rentals\"},\"image\":{\"@id\":\"https:\/\/advantageav.com\/#\/schema\/logo\/image\/\"}}]}<\/script>\n<!-- \/ Yoast SEO plugin. -->","yoast_head_json":{"title":"SALLE DE CONF\u00c9RENCE - advantageav.com","robots":{"index":"index","follow":"follow","max-snippet":"max-snippet:-1","max-image-preview":"max-image-preview:large","max-video-preview":"max-video-preview:-1"},"canonical":"https:\/\/advantageav.com\/?page_id=844","og_locale":"en_US","og_type":"article","og_title":"SALLE DE CONF\u00c9RENCE - advantageav.com","og_description":"R\u00e9unions de conseils d\u2019administration Dans le monde des affaires moderne, l&#8217;\u00e9quipement audiovisuel est devenu une composante essentielle des r\u00e9unions de conseils d&#8217;administration, am\u00e9liorant la communication, la collaboration et le processus de prise de d\u00e9cision. Les solutions audiovisuelles contribuent \u00e0 rendre l&#8217;environnement de la r\u00e9union plus dynamique et plus interactif, en permettant des pr\u00e9sentations transparentes, une &hellip; Read more \"SALLE DE CONF\u00c9RENCE\"","og_url":"https:\/\/advantageav.com\/?page_id=844","og_site_name":"advantageav.com","article_modified_time":"2024-02-09T19:54:49+00:00","og_image":[{"url":"http:\/\/advantageav.ca\/wp-content\/uploads\/2023\/12\/Bar-MK-II-1024x5.jpg","type":"","width":"","height":""}],"twitter_card":"summary_large_image","twitter_misc":{"Est. reading time":"3 minutes"},"schema":{"@context":"https:\/\/schema.org","@graph":[{"@type":"WebPage","@id":"https:\/\/advantageav.com\/?page_id=844","url":"https:\/\/advantageav.com\/?page_id=844","name":"SALLE DE CONF\u00c9RENCE - advantageav.com","isPartOf":{"@id":"https:\/\/advantageav.com\/#website"},"primaryImageOfPage":{"@id":"https:\/\/advantageav.com\/?page_id=844#primaryimage"},"image":{"@id":"https:\/\/advantageav.com\/?page_id=844#primaryimage"},"thumbnailUrl":"http:\/\/advantageav.ca\/wp-content\/uploads\/2023\/12\/Bar-MK-II-1024x5.jpg","datePublished":"2024-01-27T21:10:32+00:00","dateModified":"2024-02-09T19:54:49+00:00","breadcrumb":{"@id":"https:\/\/advantageav.com\/?page_id=844#breadcrumb"},"inLanguage":"en","potentialAction":[{"@type":"ReadAction","target":["https:\/\/advantageav.com\/?page_id=844"]}]},{"@type":"ImageObject","inLanguage":"en","@id":"https:\/\/advantageav.com\/?page_id=844#primaryimage","url":"http:\/\/advantageav.ca\/wp-content\/uploads\/2023\/12\/Bar-MK-II-1024x5.jpg","contentUrl":"http:\/\/advantageav.ca\/wp-content\/uploads\/2023\/12\/Bar-MK-II-1024x5.jpg"},{"@type":"BreadcrumbList","@id":"https:\/\/advantageav.com\/?page_id=844#breadcrumb","itemListElement":[{"@type":"ListItem","position":1,"name":"Home","item":"https:\/\/advantageav.com\/"},{"@type":"ListItem","position":2,"name":"Comprehensive Audio Visual Solutions for Any Event","item":"https:\/\/advantageav.com\/?page_id=13"},{"@type":"ListItem","position":3,"name":"SALLE DE CONF\u00c9RENCE"}]},{"@type":"WebSite","@id":"https:\/\/advantageav.com\/#website","url":"https:\/\/advantageav.com\/","name":"advantageav.com","description":"advantageav.com","publisher":{"@id":"https:\/\/advantageav.com\/#organization"},"potentialAction":[{"@type":"SearchAction","target":{"@type":"EntryPoint","urlTemplate":"https:\/\/advantageav.com\/?s={search_term_string}"},"query-input":{"@type":"PropertyValueSpecification","valueRequired":true,"valueName":"search_term_string"}}],"inLanguage":"en"},{"@type":"Organization","@id":"https:\/\/advantageav.com\/#organization","name":"Advantage Audio Visual Rentals","alternateName":"Advantage AV","url":"https:\/\/advantageav.com\/","logo":{"@type":"ImageObject","inLanguage":"en","@id":"https:\/\/advantageav.com\/#\/schema\/logo\/image\/","url":"https:\/\/advantageav.com\/wp-content\/uploads\/2023\/12\/cropped-small-logo-MK-II.png","contentUrl":"https:\/\/advantageav.com\/wp-content\/uploads\/2023\/12\/cropped-small-logo-MK-II.png","width":211,"height":60,"caption":"Advantage Audio Visual Rentals"},"image":{"@id":"https:\/\/advantageav.com\/#\/schema\/logo\/image\/"}}]}},"publishpress_future_action":{"enabled":false,"date":"2026-04-25 00:39:12","action":"change-status","newStatus":"draft","terms":[],"taxonomy":"","extraData":[]},"publishpress_future_workflow_manual_trigger":{"enabledWorkflows":[]},"_links":{"self":[{"href":"https:\/\/advantageav.com\/index.php?rest_route=\/wp\/v2\/pages\/844","targetHints":{"allow":["GET"]}}],"collection":[{"href":"https:\/\/advantageav.com\/index.php?rest_route=\/wp\/v2\/pages"}],"about":[{"href":"https:\/\/advantageav.com\/index.php?rest_route=\/wp\/v2\/types\/page"}],"author":[{"embeddable":true,"href":"https:\/\/advantageav.com\/index.php?rest_route=\/wp\/v2\/users\/1"}],"replies":[{"embeddable":true,"href":"https:\/\/advantageav.com\/index.php?rest_route=%2Fwp%2Fv2%2Fcomments&post=844"}],"version-history":[{"count":4,"href":"https:\/\/advantageav.com\/index.php?rest_route=\/wp\/v2\/pages\/844\/revisions"}],"predecessor-version":[{"id":929,"href":"https:\/\/advantageav.com\/index.php?rest_route=\/wp\/v2\/pages\/844\/revisions\/929"}],"up":[{"embeddable":true,"href":"https:\/\/advantageav.com\/index.php?rest_route=\/wp\/v2\/pages\/13"}],"wp:attachment":[{"href":"https:\/\/advantageav.com\/index.php?rest_route=%2Fwp%2Fv2%2Fmedia&parent=844"}],"curies":[{"name":"wp","href":"https:\/\/api.w.org\/{rel}","templated":true}]}}