{"id":846,"date":"2024-01-27T21:11:30","date_gmt":"2024-01-27T21:11:30","guid":{"rendered":"https:\/\/advantageav.com\/?page_id=846"},"modified":"2024-02-02T11:38:23","modified_gmt":"2024-02-02T11:38:23","slug":"simultaneous-interpretation-2","status":"publish","type":"page","link":"https:\/\/advantageav.com\/?page_id=846","title":{"rendered":"INTERPR\u00c9TATION SIMULTAN\u00c9E"},"content":{"rendered":"\n<div class=\"wp-block-columns is-layout-flex wp-container-core-columns-is-layout-28f84493 wp-block-columns-is-layout-flex\">\n<div class=\"wp-block-column is-layout-flow wp-block-column-is-layout-flow\">\n<p>L&#8217;interpr\u00e9tation simultan\u00e9e est un service indispensable qui permet une communication en temps r\u00e9el entre des personnes parlant des langues diff\u00e9rentes. Elle implique la traduction imm\u00e9diate de la langue parl\u00e9e ou sign\u00e9e de la langue source vers la langue cibl\u00e9e. Cela permet aux personnes qui ne comprennent pas la langue source de comprendre pleinement ce qui est dit.<\/p>\n\n\n\n<p>Lors de l&#8217;interpr\u00e9tation simultan\u00e9e, des interpr\u00e8tes form\u00e9s \u00e9coutent l&#8217;orateur et rendent simultan\u00e9ment une traduction pr\u00e9cise dans la langue cibl\u00e9e. Pour ce faire, ils utilisent souvent un \u00e9quipement sp\u00e9cialis\u00e9, notamment des cabines insonoris\u00e9es, des microphones, des casques d&#8217;\u00e9coute et des r\u00e9cepteurs. Le message interpr\u00e9t\u00e9 est transmis aux auditeurs par l&#8217;interm\u00e9diaire d&#8217;\u00e9couteurs, ce qui garantit la clart\u00e9 et minimise les d\u00e9rangements.<\/p>\n<\/div>\n\n\n\n<div class=\"wp-block-column is-layout-flow wp-block-column-is-layout-flow\">\n<figure class=\"wp-block-image size-large\"><img loading=\"lazy\" decoding=\"async\" width=\"1024\" height=\"643\" src=\"http:\/\/advantageav.ca\/wp-content\/uploads\/2024\/01\/Translation-with-Table-Mics-1024x643.jpg\" alt=\"\" class=\"wp-image-502\" srcset=\"https:\/\/advantageav.com\/wp-content\/uploads\/2024\/01\/Translation-with-Table-Mics-1024x643.jpg 1024w, https:\/\/advantageav.com\/wp-content\/uploads\/2024\/01\/Translation-with-Table-Mics-300x188.jpg 300w, https:\/\/advantageav.com\/wp-content\/uploads\/2024\/01\/Translation-with-Table-Mics.jpg 1536w\" sizes=\"auto, (max-width: 1024px) 100vw, 1024px\" \/><\/figure>\n<\/div>\n<\/div>\n\n\n\n<figure class=\"wp-block-image alignwide size-large\"><img loading=\"lazy\" decoding=\"async\" width=\"1024\" height=\"5\" src=\"http:\/\/advantageav.ca\/wp-content\/uploads\/2023\/12\/Bar-MK-II-1024x5.jpg\" alt=\"\" class=\"wp-image-316\" srcset=\"https:\/\/advantageav.com\/wp-content\/uploads\/2023\/12\/Bar-MK-II-1024x5.jpg 1024w, https:\/\/advantageav.com\/wp-content\/uploads\/2023\/12\/Bar-MK-II-300x2.jpg 300w, https:\/\/advantageav.com\/wp-content\/uploads\/2023\/12\/Bar-MK-II.jpg 1312w\" sizes=\"auto, (max-width: 1024px) 100vw, 1024px\" \/><\/figure>\n\n\n\n<p>Le recours \u00e0 l&#8217;interpr\u00e9tation simultan\u00e9e est fr\u00e9quent dans un grand nombre de contextes, notamment les conf\u00e9rences internationales, les rencontres d&#8217;affaires, les \u00e9v\u00e9nements diplomatiques et les r\u00e9unions multilingues. Elle permet aux participants de communiquer efficacement et de surmonter les barri\u00e8res linguistiques, facilitant ainsi l&#8217;\u00e9change d&#8217;informations, la collaboration et la compr\u00e9hension.<\/p>\n\n\n\n<p>L&#8217;un des principaux avantages de l&#8217;interpr\u00e9tation simultan\u00e9e est sa r\u00e9alisation en temps r\u00e9el. Pendant que l&#8217;orateur communique son message, les interpr\u00e8tes assurent la traduction simultan\u00e9e, ce qui permet aux auditeurs de comprendre sans d\u00e9lai. Cela garantit une communication fluide et \u00e9vite aux participants d&#8217;attendre pour une traduction s\u00e9quentielle, ce qui peut prendre du temps et perturber le d\u00e9roulement de la r\u00e9union.<\/p>\n\n\n\n<p>L&#8217;utilisation de la technologie a consid\u00e9rablement am\u00e9lior\u00e9 l&#8217;interpr\u00e9tation simultan\u00e9e. Des syst\u00e8mes avanc\u00e9s tels que les \u00e9quipements d&#8217;interpr\u00e9tation de conf\u00e9rences et les plateformes d&#8217;interpr\u00e9tation \u00e0 distance permettent une communication sans faille entre les langues et les lieux g\u00e9ographiques. Gr\u00e2ce \u00e0 ces outils, les interpr\u00e8tes peuvent fournir des services d&#8217;interpr\u00e9tation \u00e0 distance, sans avoir \u00e0 \u00eatre physiquement pr\u00e9sents lors de l&#8217;\u00e9v\u00e9nement. Cela permet une plus grande flexibilit\u00e9, une r\u00e9duction des co\u00fbts et une meilleure accessibilit\u00e9. Pour en savoir plus sur nos options d&#8217;interpr\u00e9tation hybride et \u00e0 distance, CLIQUEZ ICI.<\/p>\n\n\n\n<p>Au cours des derni\u00e8res ann\u00e9es, Advantage Audio Visual Rentals a appris que l&#8217;interpr\u00e9tation simultan\u00e9e est un service essentiel qui facilite une communication efficace entre des personnes parlant des langues diff\u00e9rentes, en particulier dans une soci\u00e9t\u00e9 multiculturelle. Avec les progr\u00e8s technologiques, les services d&#8217;interpr\u00e9tation sont devenus plus efficaces et plus accessibles, mais les interpr\u00e8tes humains restent essentiels pour fournir des traductions pr\u00e9cises et nuanc\u00e9es. Pour en savoir plus sur nos services d&#8217;interpr\u00e9tation simultan\u00e9e ou pour obtenir un devis, veuillez <a href=\"https:\/\/advantageav.com\/?page_id=831\">CLIQUER ICI<\/a>.<\/p>\n\n\n\n","protected":false},"excerpt":{"rendered":"<p>L&#8217;interpr\u00e9tation simultan\u00e9e est un service indispensable qui permet une communication en temps r\u00e9el entre des personnes parlant des langues diff\u00e9rentes. Elle implique la traduction imm\u00e9diate de la langue parl\u00e9e ou sign\u00e9e de la langue source vers la langue cibl\u00e9e. Cela permet aux personnes qui ne comprennent pas la langue source de comprendre pleinement ce qui &hellip; <\/p>\n<p class=\"link-more\"><a href=\"https:\/\/advantageav.com\/?page_id=846\" class=\"more-link\">Read more<span class=\"screen-reader-text\"> &#8220;INTERPR\u00c9TATION SIMULTAN\u00c9E&#8221;<\/span><\/a><\/p>\n","protected":false},"author":1,"featured_media":0,"parent":13,"menu_order":8,"comment_status":"closed","ping_status":"closed","template":"","meta":{"footnotes":""},"class_list":["post-846","page","type-page","status-publish","hentry"],"yoast_head":"<!-- This site is optimized with the Yoast SEO plugin v27.2 - https:\/\/yoast.com\/product\/yoast-seo-wordpress\/ -->\n<title>INTERPR\u00c9TATION SIMULTAN\u00c9E - advantageav.com<\/title>\n<meta name=\"robots\" content=\"index, follow, max-snippet:-1, max-image-preview:large, max-video-preview:-1\" \/>\n<link rel=\"canonical\" href=\"https:\/\/advantageav.com\/?page_id=846\" \/>\n<meta property=\"og:locale\" content=\"en_US\" \/>\n<meta property=\"og:type\" content=\"article\" \/>\n<meta property=\"og:title\" content=\"INTERPR\u00c9TATION SIMULTAN\u00c9E - advantageav.com\" \/>\n<meta property=\"og:description\" content=\"L&#8217;interpr\u00e9tation simultan\u00e9e est un service indispensable qui permet une communication en temps r\u00e9el entre des personnes parlant des langues diff\u00e9rentes. Elle implique la traduction imm\u00e9diate de la langue parl\u00e9e ou sign\u00e9e de la langue source vers la langue cibl\u00e9e. Cela permet aux personnes qui ne comprennent pas la langue source de comprendre pleinement ce qui &hellip; Read more &quot;INTERPR\u00c9TATION SIMULTAN\u00c9E&quot;\" \/>\n<meta property=\"og:url\" content=\"https:\/\/advantageav.com\/?page_id=846\" \/>\n<meta property=\"og:site_name\" content=\"advantageav.com\" \/>\n<meta property=\"article:modified_time\" content=\"2024-02-02T11:38:23+00:00\" \/>\n<meta property=\"og:image\" content=\"http:\/\/advantageav.ca\/wp-content\/uploads\/2024\/01\/Translation-with-Table-Mics-1024x643.jpg\" \/>\n<meta name=\"twitter:card\" content=\"summary_large_image\" \/>\n<meta name=\"twitter:label1\" content=\"Est. reading time\" \/>\n\t<meta name=\"twitter:data1\" content=\"3 minutes\" \/>\n<script type=\"application\/ld+json\" class=\"yoast-schema-graph\">{\"@context\":\"https:\/\/schema.org\",\"@graph\":[{\"@type\":\"WebPage\",\"@id\":\"https:\/\/advantageav.com\/?page_id=846\",\"url\":\"https:\/\/advantageav.com\/?page_id=846\",\"name\":\"INTERPR\u00c9TATION SIMULTAN\u00c9E - advantageav.com\",\"isPartOf\":{\"@id\":\"https:\/\/advantageav.com\/#website\"},\"primaryImageOfPage\":{\"@id\":\"https:\/\/advantageav.com\/?page_id=846#primaryimage\"},\"image\":{\"@id\":\"https:\/\/advantageav.com\/?page_id=846#primaryimage\"},\"thumbnailUrl\":\"http:\/\/advantageav.ca\/wp-content\/uploads\/2024\/01\/Translation-with-Table-Mics-1024x643.jpg\",\"datePublished\":\"2024-01-27T21:11:30+00:00\",\"dateModified\":\"2024-02-02T11:38:23+00:00\",\"breadcrumb\":{\"@id\":\"https:\/\/advantageav.com\/?page_id=846#breadcrumb\"},\"inLanguage\":\"en\",\"potentialAction\":[{\"@type\":\"ReadAction\",\"target\":[\"https:\/\/advantageav.com\/?page_id=846\"]}]},{\"@type\":\"ImageObject\",\"inLanguage\":\"en\",\"@id\":\"https:\/\/advantageav.com\/?page_id=846#primaryimage\",\"url\":\"http:\/\/advantageav.ca\/wp-content\/uploads\/2024\/01\/Translation-with-Table-Mics-1024x643.jpg\",\"contentUrl\":\"http:\/\/advantageav.ca\/wp-content\/uploads\/2024\/01\/Translation-with-Table-Mics-1024x643.jpg\"},{\"@type\":\"BreadcrumbList\",\"@id\":\"https:\/\/advantageav.com\/?page_id=846#breadcrumb\",\"itemListElement\":[{\"@type\":\"ListItem\",\"position\":1,\"name\":\"Home\",\"item\":\"https:\/\/advantageav.com\/\"},{\"@type\":\"ListItem\",\"position\":2,\"name\":\"Comprehensive Audio Visual Solutions for Any Event\",\"item\":\"https:\/\/advantageav.com\/?page_id=13\"},{\"@type\":\"ListItem\",\"position\":3,\"name\":\"INTERPR\u00c9TATION SIMULTAN\u00c9E\"}]},{\"@type\":\"WebSite\",\"@id\":\"https:\/\/advantageav.com\/#website\",\"url\":\"https:\/\/advantageav.com\/\",\"name\":\"advantageav.com\",\"description\":\"advantageav.com\",\"publisher\":{\"@id\":\"https:\/\/advantageav.com\/#organization\"},\"potentialAction\":[{\"@type\":\"SearchAction\",\"target\":{\"@type\":\"EntryPoint\",\"urlTemplate\":\"https:\/\/advantageav.com\/?s={search_term_string}\"},\"query-input\":{\"@type\":\"PropertyValueSpecification\",\"valueRequired\":true,\"valueName\":\"search_term_string\"}}],\"inLanguage\":\"en\"},{\"@type\":\"Organization\",\"@id\":\"https:\/\/advantageav.com\/#organization\",\"name\":\"Advantage Audio Visual Rentals\",\"alternateName\":\"Advantage AV\",\"url\":\"https:\/\/advantageav.com\/\",\"logo\":{\"@type\":\"ImageObject\",\"inLanguage\":\"en\",\"@id\":\"https:\/\/advantageav.com\/#\/schema\/logo\/image\/\",\"url\":\"https:\/\/advantageav.com\/wp-content\/uploads\/2023\/12\/cropped-small-logo-MK-II.png\",\"contentUrl\":\"https:\/\/advantageav.com\/wp-content\/uploads\/2023\/12\/cropped-small-logo-MK-II.png\",\"width\":211,\"height\":60,\"caption\":\"Advantage Audio Visual Rentals\"},\"image\":{\"@id\":\"https:\/\/advantageav.com\/#\/schema\/logo\/image\/\"}}]}<\/script>\n<!-- \/ Yoast SEO plugin. -->","yoast_head_json":{"title":"INTERPR\u00c9TATION SIMULTAN\u00c9E - advantageav.com","robots":{"index":"index","follow":"follow","max-snippet":"max-snippet:-1","max-image-preview":"max-image-preview:large","max-video-preview":"max-video-preview:-1"},"canonical":"https:\/\/advantageav.com\/?page_id=846","og_locale":"en_US","og_type":"article","og_title":"INTERPR\u00c9TATION SIMULTAN\u00c9E - advantageav.com","og_description":"L&#8217;interpr\u00e9tation simultan\u00e9e est un service indispensable qui permet une communication en temps r\u00e9el entre des personnes parlant des langues diff\u00e9rentes. Elle implique la traduction imm\u00e9diate de la langue parl\u00e9e ou sign\u00e9e de la langue source vers la langue cibl\u00e9e. Cela permet aux personnes qui ne comprennent pas la langue source de comprendre pleinement ce qui &hellip; Read more \"INTERPR\u00c9TATION SIMULTAN\u00c9E\"","og_url":"https:\/\/advantageav.com\/?page_id=846","og_site_name":"advantageav.com","article_modified_time":"2024-02-02T11:38:23+00:00","og_image":[{"url":"http:\/\/advantageav.ca\/wp-content\/uploads\/2024\/01\/Translation-with-Table-Mics-1024x643.jpg","type":"","width":"","height":""}],"twitter_card":"summary_large_image","twitter_misc":{"Est. reading time":"3 minutes"},"schema":{"@context":"https:\/\/schema.org","@graph":[{"@type":"WebPage","@id":"https:\/\/advantageav.com\/?page_id=846","url":"https:\/\/advantageav.com\/?page_id=846","name":"INTERPR\u00c9TATION SIMULTAN\u00c9E - advantageav.com","isPartOf":{"@id":"https:\/\/advantageav.com\/#website"},"primaryImageOfPage":{"@id":"https:\/\/advantageav.com\/?page_id=846#primaryimage"},"image":{"@id":"https:\/\/advantageav.com\/?page_id=846#primaryimage"},"thumbnailUrl":"http:\/\/advantageav.ca\/wp-content\/uploads\/2024\/01\/Translation-with-Table-Mics-1024x643.jpg","datePublished":"2024-01-27T21:11:30+00:00","dateModified":"2024-02-02T11:38:23+00:00","breadcrumb":{"@id":"https:\/\/advantageav.com\/?page_id=846#breadcrumb"},"inLanguage":"en","potentialAction":[{"@type":"ReadAction","target":["https:\/\/advantageav.com\/?page_id=846"]}]},{"@type":"ImageObject","inLanguage":"en","@id":"https:\/\/advantageav.com\/?page_id=846#primaryimage","url":"http:\/\/advantageav.ca\/wp-content\/uploads\/2024\/01\/Translation-with-Table-Mics-1024x643.jpg","contentUrl":"http:\/\/advantageav.ca\/wp-content\/uploads\/2024\/01\/Translation-with-Table-Mics-1024x643.jpg"},{"@type":"BreadcrumbList","@id":"https:\/\/advantageav.com\/?page_id=846#breadcrumb","itemListElement":[{"@type":"ListItem","position":1,"name":"Home","item":"https:\/\/advantageav.com\/"},{"@type":"ListItem","position":2,"name":"Comprehensive Audio Visual Solutions for Any Event","item":"https:\/\/advantageav.com\/?page_id=13"},{"@type":"ListItem","position":3,"name":"INTERPR\u00c9TATION SIMULTAN\u00c9E"}]},{"@type":"WebSite","@id":"https:\/\/advantageav.com\/#website","url":"https:\/\/advantageav.com\/","name":"advantageav.com","description":"advantageav.com","publisher":{"@id":"https:\/\/advantageav.com\/#organization"},"potentialAction":[{"@type":"SearchAction","target":{"@type":"EntryPoint","urlTemplate":"https:\/\/advantageav.com\/?s={search_term_string}"},"query-input":{"@type":"PropertyValueSpecification","valueRequired":true,"valueName":"search_term_string"}}],"inLanguage":"en"},{"@type":"Organization","@id":"https:\/\/advantageav.com\/#organization","name":"Advantage Audio Visual Rentals","alternateName":"Advantage AV","url":"https:\/\/advantageav.com\/","logo":{"@type":"ImageObject","inLanguage":"en","@id":"https:\/\/advantageav.com\/#\/schema\/logo\/image\/","url":"https:\/\/advantageav.com\/wp-content\/uploads\/2023\/12\/cropped-small-logo-MK-II.png","contentUrl":"https:\/\/advantageav.com\/wp-content\/uploads\/2023\/12\/cropped-small-logo-MK-II.png","width":211,"height":60,"caption":"Advantage Audio Visual Rentals"},"image":{"@id":"https:\/\/advantageav.com\/#\/schema\/logo\/image\/"}}]}},"publishpress_future_action":{"enabled":false,"date":"2026-04-25 02:20:42","action":"change-status","newStatus":"draft","terms":[],"taxonomy":"","extraData":[]},"publishpress_future_workflow_manual_trigger":{"enabledWorkflows":[]},"_links":{"self":[{"href":"https:\/\/advantageav.com\/index.php?rest_route=\/wp\/v2\/pages\/846","targetHints":{"allow":["GET"]}}],"collection":[{"href":"https:\/\/advantageav.com\/index.php?rest_route=\/wp\/v2\/pages"}],"about":[{"href":"https:\/\/advantageav.com\/index.php?rest_route=\/wp\/v2\/types\/page"}],"author":[{"embeddable":true,"href":"https:\/\/advantageav.com\/index.php?rest_route=\/wp\/v2\/users\/1"}],"replies":[{"embeddable":true,"href":"https:\/\/advantageav.com\/index.php?rest_route=%2Fwp%2Fv2%2Fcomments&post=846"}],"version-history":[{"count":4,"href":"https:\/\/advantageav.com\/index.php?rest_route=\/wp\/v2\/pages\/846\/revisions"}],"predecessor-version":[{"id":900,"href":"https:\/\/advantageav.com\/index.php?rest_route=\/wp\/v2\/pages\/846\/revisions\/900"}],"up":[{"embeddable":true,"href":"https:\/\/advantageav.com\/index.php?rest_route=\/wp\/v2\/pages\/13"}],"wp:attachment":[{"href":"https:\/\/advantageav.com\/index.php?rest_route=%2Fwp%2Fv2%2Fmedia&parent=846"}],"curies":[{"name":"wp","href":"https:\/\/api.w.org\/{rel}","templated":true}]}}